{"id":22541,"date":"2024-11-17T15:23:56","date_gmt":"2024-11-17T14:23:56","guid":{"rendered":"https:\/\/forsaatodos.com\/cursos\/presentation-en-residence-a-letranger-pour-les-etudes-en-espagne\/"},"modified":"2024-11-17T15:23:56","modified_gmt":"2024-11-17T14:23:56","slug":"presentation-en-residence-a-letranger-pour-les-etudes-en-espagne","status":"publish","type":"product","link":"https:\/\/forsaatodos.com\/fr\/produit\/presentation-en-residence-a-letranger-pour-les-etudes-en-espagne\/","title":{"rendered":"PR\u00c9SENTATION EN R\u00c9SIDENCE \u00c0 L&#8217;\u00c9TRANGER POUR LES \u00c9TUDES EN ESPAGNE"},"content":{"rendered":"<div class=\"elementor-price-table__header\">\n<h3 class=\"elementor-price-table__heading\">Pr\u00e9sentation en Immigration<\/h3>\n<p>Chez Forsa nous vous proposons un service complet pour transformer votre visa touristique en s\u00e9jour d&#8217;\u00e9tudes en Espagne, avec autorisation de travail !<\/p>\n<\/div>\n<div class=\"elementor-price-table__price\"><span class=\"elementor-price-table__currency\">\u20ac<\/span><span class=\"elementor-price-table__integer-part\">399<\/span><\/div>\n<ul class=\"elementor-price-table__features-list\">\n<li class=\"elementor-repeater-item-2506b3f\">\n<div class=\"elementor-price-table__feature-inner\"><i class=\"\" aria-hidden=\"true\"><\/i>Documents \u00e9tape par \u00e9tape en Espagne<\/div>\n<\/li>\n<li class=\"elementor-repeater-item-9456922\">\n<div class=\"elementor-price-table__feature-inner\"><i class=\"\" aria-hidden=\"true\"><\/i>Revue de documents par Forsa \u00e0 tous<\/div>\n<\/li>\n<li class=\"elementor-repeater-item-72f943a\">\n<div class=\"elementor-price-table__feature-inner\"><i class=\"\" aria-hidden=\"true\"><\/i>Remplir les formulaires de pr\u00e9sentation<\/div>\n<\/li>\n<li class=\"elementor-repeater-item-24fcbd9\">\n<div class=\"elementor-price-table__feature-inner\"><i class=\"\" aria-hidden=\"true\"><\/i>Lettres explicatives<\/div>\n<\/li>\n<li class=\"elementor-repeater-item-4ddf7a9\">\n<div class=\"elementor-price-table__feature-inner\"><i class=\"\" aria-hidden=\"true\"><\/i>Pr\u00e9sentation par des avocats sp\u00e9cialis\u00e9s<\/div>\n<\/li>\n<li class=\"elementor-repeater-item-8d4107f\">\n<div class=\"elementor-price-table__feature-inner\"><i class=\"\" aria-hidden=\"true\"><\/i>Formulaires pour la prise d&#8217;empreintes digitales<\/div>\n<\/li>\n<\/ul>\n","protected":false},"excerpt":{"rendered":"<p>Pr\u00e9sentation du dossier d&#8217;immigration pour demander un visa et un s\u00e9jour pour \u00e9tudes en Espagne<\/p>\n","protected":false},"featured_media":24469,"template":"","meta":[],"product_brand":[],"product_cat":[293],"product_tag":[290,291,292,294],"class_list":{"0":"post-22541","1":"product","2":"type-product","3":"status-publish","4":"has-post-thumbnail","6":"product_cat-visa-touristique","7":"product_tag-dossier-visa","8":"product_tag-visa-detude","9":"product_tag-visa-espagne","10":"product_tag-visa-touristique","12":"first","13":"instock","14":"sale","15":"virtual","16":"taxable","17":"purchasable","18":"product-type-simple"},"yoast_head":"<!-- This site is optimized with the Yoast SEO Premium plugin v22.6 (Yoast SEO v27.4) - https:\/\/yoast.com\/product\/yoast-seo-premium-wordpress\/ -->\n<title>PR\u00c9SENTATION EN R\u00c9SIDENCE \u00c0 L&#039;\u00c9TRANGER POUR LES \u00c9TUDES EN ESPAGNE - Forsa a Todos - &iexcl;Visados de Estudios en Espa&ntilde;a!<\/title>\n<meta name=\"robots\" content=\"index, follow, max-snippet:-1, max-image-preview:large, max-video-preview:-1\" \/>\n<link rel=\"canonical\" href=\"https:\/\/forsaatodos.com\/fr\/cursos\/presentation-en-residence-a-letranger-pour-les-etudes-en-espagne\/\" \/>\n<meta property=\"og:locale\" content=\"fr_FR\" \/>\n<meta property=\"og:type\" content=\"article\" \/>\n<meta property=\"og:title\" content=\"PR\u00c9SENTATION EN R\u00c9SIDENCE \u00c0 L&#039;\u00c9TRANGER POUR LES \u00c9TUDES EN ESPAGNE\" \/>\n<meta property=\"og:description\" content=\"Pr\u00e9sentation du dossier d&#039;immigration pour demander un visa et un s\u00e9jour pour \u00e9tudes en Espagne\" \/>\n<meta property=\"og:url\" content=\"https:\/\/forsaatodos.com\/fr\/cursos\/presentation-en-residence-a-letranger-pour-les-etudes-en-espagne\/\" \/>\n<meta property=\"og:site_name\" content=\"Forsa a Todos - &iexcl;Visados de Estudios en Espa&ntilde;a!\" \/>\n<meta name=\"twitter:card\" content=\"summary_large_image\" \/>\n<script type=\"application\/ld+json\" class=\"yoast-schema-graph\">{\"@context\":\"https:\\\/\\\/schema.org\",\"@graph\":[{\"@type\":\"WebPage\",\"@id\":\"https:\\\/\\\/forsaatodos.com\\\/fr\\\/cursos\\\/presentation-en-residence-a-letranger-pour-les-etudes-en-espagne\\\/\",\"url\":\"https:\\\/\\\/forsaatodos.com\\\/fr\\\/cursos\\\/presentation-en-residence-a-letranger-pour-les-etudes-en-espagne\\\/\",\"name\":\"PR\u00c9SENTATION EN R\u00c9SIDENCE \u00c0 L'\u00c9TRANGER POUR LES \u00c9TUDES EN ESPAGNE - Forsa a Todos - &iexcl;Visados de Estudios en Espa&ntilde;a!\",\"isPartOf\":{\"@id\":\"https:\\\/\\\/forsaatodos.com\\\/#website\"},\"primaryImageOfPage\":{\"@id\":\"https:\\\/\\\/forsaatodos.com\\\/fr\\\/cursos\\\/presentation-en-residence-a-letranger-pour-les-etudes-en-espagne\\\/#primaryimage\"},\"image\":{\"@id\":\"https:\\\/\\\/forsaatodos.com\\\/fr\\\/cursos\\\/presentation-en-residence-a-letranger-pour-les-etudes-en-espagne\\\/#primaryimage\"},\"thumbnailUrl\":\"https:\\\/\\\/forsaatodos.com\\\/wp-content\\\/uploads\\\/2024\\\/11\\\/VISADO-DE-ESTUDIOS-EN-ESPANA-FORSA-A-TODOS-.png\",\"datePublished\":\"2024-11-17T14:23:56+00:00\",\"breadcrumb\":{\"@id\":\"https:\\\/\\\/forsaatodos.com\\\/fr\\\/cursos\\\/presentation-en-residence-a-letranger-pour-les-etudes-en-espagne\\\/#breadcrumb\"},\"inLanguage\":\"fr-FR\",\"potentialAction\":[{\"@type\":\"ReadAction\",\"target\":[\"https:\\\/\\\/forsaatodos.com\\\/fr\\\/cursos\\\/presentation-en-residence-a-letranger-pour-les-etudes-en-espagne\\\/\"]}]},{\"@type\":\"ImageObject\",\"inLanguage\":\"fr-FR\",\"@id\":\"https:\\\/\\\/forsaatodos.com\\\/fr\\\/cursos\\\/presentation-en-residence-a-letranger-pour-les-etudes-en-espagne\\\/#primaryimage\",\"url\":\"https:\\\/\\\/forsaatodos.com\\\/wp-content\\\/uploads\\\/2024\\\/11\\\/VISADO-DE-ESTUDIOS-EN-ESPANA-FORSA-A-TODOS-.png\",\"contentUrl\":\"https:\\\/\\\/forsaatodos.com\\\/wp-content\\\/uploads\\\/2024\\\/11\\\/VISADO-DE-ESTUDIOS-EN-ESPANA-FORSA-A-TODOS-.png\",\"width\":1000,\"height\":1000},{\"@type\":\"BreadcrumbList\",\"@id\":\"https:\\\/\\\/forsaatodos.com\\\/fr\\\/cursos\\\/presentation-en-residence-a-letranger-pour-les-etudes-en-espagne\\\/#breadcrumb\",\"itemListElement\":[{\"@type\":\"ListItem\",\"position\":1,\"name\":\"Accueil\",\"item\":\"https:\\\/\\\/forsaatodos.com\\\/\"},{\"@type\":\"ListItem\",\"position\":2,\"name\":\"Boutique\",\"item\":\"https:\\\/\\\/forsaatodos.com\\\/fr\\\/boutique\\\/\"},{\"@type\":\"ListItem\",\"position\":3,\"name\":\"PR\u00c9SENTATION EN R\u00c9SIDENCE \u00c0 L&#8217;\u00c9TRANGER POUR LES \u00c9TUDES EN ESPAGNE\"}]},{\"@type\":\"WebSite\",\"@id\":\"https:\\\/\\\/forsaatodos.com\\\/#website\",\"url\":\"https:\\\/\\\/forsaatodos.com\\\/\",\"name\":\"Forsa a Todos - &iexcl;Visados de Estudios en Espa&ntilde;a!\",\"description\":\"Agencia de Formaci\u00f3n en Espa\u00f1a\",\"potentialAction\":[{\"@type\":\"SearchAction\",\"target\":{\"@type\":\"EntryPoint\",\"urlTemplate\":\"https:\\\/\\\/forsaatodos.com\\\/?s={search_term_string}\"},\"query-input\":{\"@type\":\"PropertyValueSpecification\",\"valueRequired\":true,\"valueName\":\"search_term_string\"}}],\"inLanguage\":\"fr-FR\"}]}<\/script>\n<!-- \/ Yoast SEO Premium plugin. -->","yoast_head_json":{"title":"PR\u00c9SENTATION EN R\u00c9SIDENCE \u00c0 L'\u00c9TRANGER POUR LES \u00c9TUDES EN ESPAGNE - Forsa a Todos - &iexcl;Visados de Estudios en Espa&ntilde;a!","robots":{"index":"index","follow":"follow","max-snippet":"max-snippet:-1","max-image-preview":"max-image-preview:large","max-video-preview":"max-video-preview:-1"},"canonical":"https:\/\/forsaatodos.com\/fr\/cursos\/presentation-en-residence-a-letranger-pour-les-etudes-en-espagne\/","og_locale":"fr_FR","og_type":"article","og_title":"PR\u00c9SENTATION EN R\u00c9SIDENCE \u00c0 L'\u00c9TRANGER POUR LES \u00c9TUDES EN ESPAGNE","og_description":"Pr\u00e9sentation du dossier d'immigration pour demander un visa et un s\u00e9jour pour \u00e9tudes en Espagne","og_url":"https:\/\/forsaatodos.com\/fr\/cursos\/presentation-en-residence-a-letranger-pour-les-etudes-en-espagne\/","og_site_name":"Forsa a Todos - &iexcl;Visados de Estudios en Espa&ntilde;a!","twitter_card":"summary_large_image","schema":{"@context":"https:\/\/schema.org","@graph":[{"@type":"WebPage","@id":"https:\/\/forsaatodos.com\/fr\/cursos\/presentation-en-residence-a-letranger-pour-les-etudes-en-espagne\/","url":"https:\/\/forsaatodos.com\/fr\/cursos\/presentation-en-residence-a-letranger-pour-les-etudes-en-espagne\/","name":"PR\u00c9SENTATION EN R\u00c9SIDENCE \u00c0 L'\u00c9TRANGER POUR LES \u00c9TUDES EN ESPAGNE - Forsa a Todos - &iexcl;Visados de Estudios en Espa&ntilde;a!","isPartOf":{"@id":"https:\/\/forsaatodos.com\/#website"},"primaryImageOfPage":{"@id":"https:\/\/forsaatodos.com\/fr\/cursos\/presentation-en-residence-a-letranger-pour-les-etudes-en-espagne\/#primaryimage"},"image":{"@id":"https:\/\/forsaatodos.com\/fr\/cursos\/presentation-en-residence-a-letranger-pour-les-etudes-en-espagne\/#primaryimage"},"thumbnailUrl":"https:\/\/forsaatodos.com\/wp-content\/uploads\/2024\/11\/VISADO-DE-ESTUDIOS-EN-ESPANA-FORSA-A-TODOS-.png","datePublished":"2024-11-17T14:23:56+00:00","breadcrumb":{"@id":"https:\/\/forsaatodos.com\/fr\/cursos\/presentation-en-residence-a-letranger-pour-les-etudes-en-espagne\/#breadcrumb"},"inLanguage":"fr-FR","potentialAction":[{"@type":"ReadAction","target":["https:\/\/forsaatodos.com\/fr\/cursos\/presentation-en-residence-a-letranger-pour-les-etudes-en-espagne\/"]}]},{"@type":"ImageObject","inLanguage":"fr-FR","@id":"https:\/\/forsaatodos.com\/fr\/cursos\/presentation-en-residence-a-letranger-pour-les-etudes-en-espagne\/#primaryimage","url":"https:\/\/forsaatodos.com\/wp-content\/uploads\/2024\/11\/VISADO-DE-ESTUDIOS-EN-ESPANA-FORSA-A-TODOS-.png","contentUrl":"https:\/\/forsaatodos.com\/wp-content\/uploads\/2024\/11\/VISADO-DE-ESTUDIOS-EN-ESPANA-FORSA-A-TODOS-.png","width":1000,"height":1000},{"@type":"BreadcrumbList","@id":"https:\/\/forsaatodos.com\/fr\/cursos\/presentation-en-residence-a-letranger-pour-les-etudes-en-espagne\/#breadcrumb","itemListElement":[{"@type":"ListItem","position":1,"name":"Accueil","item":"https:\/\/forsaatodos.com\/"},{"@type":"ListItem","position":2,"name":"Boutique","item":"https:\/\/forsaatodos.com\/fr\/boutique\/"},{"@type":"ListItem","position":3,"name":"PR\u00c9SENTATION EN R\u00c9SIDENCE \u00c0 L&#8217;\u00c9TRANGER POUR LES \u00c9TUDES EN ESPAGNE"}]},{"@type":"WebSite","@id":"https:\/\/forsaatodos.com\/#website","url":"https:\/\/forsaatodos.com\/","name":"Forsa a Todos - &iexcl;Visados de Estudios en Espa&ntilde;a!","description":"Agencia de Formaci\u00f3n en Espa\u00f1a","potentialAction":[{"@type":"SearchAction","target":{"@type":"EntryPoint","urlTemplate":"https:\/\/forsaatodos.com\/?s={search_term_string}"},"query-input":{"@type":"PropertyValueSpecification","valueRequired":true,"valueName":"search_term_string"}}],"inLanguage":"fr-FR"}]}},"_links":{"self":[{"href":"https:\/\/forsaatodos.com\/fr\/wp-json\/wp\/v2\/product\/22541","targetHints":{"allow":["GET"]}}],"collection":[{"href":"https:\/\/forsaatodos.com\/fr\/wp-json\/wp\/v2\/product"}],"about":[{"href":"https:\/\/forsaatodos.com\/fr\/wp-json\/wp\/v2\/types\/product"}],"version-history":[{"count":0,"href":"https:\/\/forsaatodos.com\/fr\/wp-json\/wp\/v2\/product\/22541\/revisions"}],"wp:featuredmedia":[{"embeddable":true,"href":"https:\/\/forsaatodos.com\/fr\/wp-json\/wp\/v2\/media\/24469"}],"wp:attachment":[{"href":"https:\/\/forsaatodos.com\/fr\/wp-json\/wp\/v2\/media?parent=22541"}],"wp:term":[{"taxonomy":"product_brand","embeddable":true,"href":"https:\/\/forsaatodos.com\/fr\/wp-json\/wp\/v2\/product_brand?post=22541"},{"taxonomy":"product_cat","embeddable":true,"href":"https:\/\/forsaatodos.com\/fr\/wp-json\/wp\/v2\/product_cat?post=22541"},{"taxonomy":"product_tag","embeddable":true,"href":"https:\/\/forsaatodos.com\/fr\/wp-json\/wp\/v2\/product_tag?post=22541"}],"curies":[{"name":"wp","href":"https:\/\/api.w.org\/{rel}","templated":true}]}}