{"id":22539,"date":"2024-11-17T15:45:53","date_gmt":"2024-11-17T14:45:53","guid":{"rendered":"https:\/\/forsaatodos.com\/cursos\/plan-complet-visa-pour-etudes-en-espagne\/"},"modified":"2024-11-17T15:45:53","modified_gmt":"2024-11-17T14:45:53","slug":"plan-complet-visa-pour-etudes-en-espagne","status":"publish","type":"product","link":"https:\/\/forsaatodos.com\/fr\/produit\/plan-complet-visa-pour-etudes-en-espagne\/","title":{"rendered":"PLAN COMPLET &#8211; Visa pour \u00e9tudes en Espagne"},"content":{"rendered":"<div class=\"elementor-price-table__header\">\n<h3 class=\"elementor-price-table__heading\">Plan Complet<\/h3>\n<p><span class=\"elementor-price-table__subheading\">Ce plan est parfait si vous ne voulez vous soucier de rien pendant le processus et \u00eatre s\u00fbr d&#8217;obtenir le visa.<\/span><\/p>\n<\/div>\n<div><\/div>\n<div class=\"elementor-price-table__price\"><span class=\"elementor-price-table__integer-part\">699\u20ac<\/span><\/div>\n<ul class=\"elementor-price-table__features-list\">\n<li class=\"elementor-repeater-item-c1e67b1\">\n<div class=\"elementor-price-table__feature-inner\"><i class=\"\" aria-hidden=\"true\"><\/i>Inscription dans nos centres accr\u00e9dit\u00e9s<\/div>\n<\/li>\n<li class=\"elementor-repeater-item-2af3de2\">\n<div class=\"elementor-price-table__feature-inner\"><i class=\"\" aria-hidden=\"true\"><\/i>Cours avec r\u00e9duction sp\u00e9ciale<\/div>\n<\/li>\n<li class=\"elementor-repeater-item-2af3de2\">\n<div class=\"elementor-price-table__feature-inner\">Documents de visa requis adapt\u00e9s \u00e0 vous<\/div>\n<\/li>\n<li class=\"elementor-repeater-item-051ca4e\">\n<div class=\"elementor-price-table__feature-inner\"><i class=\"\" aria-hidden=\"true\"><\/i>Appel t\u00e9l\u00e9phonique ou visite programm\u00e9e<\/div>\n<\/li>\n<li class=\"elementor-repeater-item-a62cc9f\">\n<div class=\"elementor-price-table__feature-inner\">Acc\u00e8s aux t\u00e9l\u00e9grammes priv\u00e9s + APPLICATION PRIV\u00c9E<\/div>\n<\/li>\n<li class=\"elementor-repeater-item-8c1ced4\">\n<div class=\"elementor-price-table__feature-inner\"><i class=\"\" aria-hidden=\"true\"><\/i>R\u00e9unions Zoom hebdomadaires<\/div>\n<\/li>\n<li class=\"elementor-repeater-item-afd9310\">\n<div class=\"elementor-price-table__feature-inner\"><i class=\"\" aria-hidden=\"true\"><\/i>Lettre de motivation adapt\u00e9e \u00e0 votre projet d&#8217;\u00e9tudes<\/div>\n<\/li>\n<li class=\"elementor-repeater-item-f5d3dcc\">\n<div class=\"elementor-price-table__feature-inner\"><i class=\"\" aria-hidden=\"true\"><\/i>Formulaires + Proc\u00e8s-verbaux en plusieurs langues<\/div>\n<\/li>\n<\/ul>\n<div class=\"elementor-price-table__footer\">\n<div class=\"elementor-price-table__additional_info\"><strong>Obtenez votre visa avec nous !<\/strong><\/div>\n<\/div>\n","protected":false},"excerpt":{"rendered":"<p>Assistance compl\u00e8te pour l&#8217;obtention d&#8217;un visa pour \u00e9tudes en Espagne. Ne vous inqui\u00e9tez de rien ! Nous nous occupons de l&#8217;ensemble du processus.  <\/p>\n","protected":false},"featured_media":25786,"template":"","meta":[],"product_brand":[],"product_cat":[289],"product_tag":[290,291,292],"class_list":{"0":"post-22539","1":"product","2":"type-product","3":"status-publish","4":"has-post-thumbnail","6":"product_cat-visa-detudes","7":"product_tag-dossier-visa","8":"product_tag-visa-detude","9":"product_tag-visa-espagne","11":"first","12":"instock","13":"sale","14":"virtual","15":"taxable","16":"purchasable","17":"product-type-simple"},"yoast_head":"<!-- This site is optimized with the Yoast SEO Premium plugin v22.6 (Yoast SEO v27.4) - https:\/\/yoast.com\/product\/yoast-seo-premium-wordpress\/ -->\n<title>PLAN COMPLET - Visa pour \u00e9tudes en Espagne - Forsa a Todos - &iexcl;Visados de Estudios en Espa&ntilde;a!<\/title>\n<meta name=\"robots\" content=\"index, follow, max-snippet:-1, max-image-preview:large, max-video-preview:-1\" \/>\n<link rel=\"canonical\" href=\"https:\/\/forsaatodos.com\/fr\/cursos\/plan-complet-visa-pour-etudes-en-espagne\/\" \/>\n<meta property=\"og:locale\" content=\"fr_FR\" \/>\n<meta property=\"og:type\" content=\"article\" \/>\n<meta property=\"og:title\" content=\"PLAN COMPLET - Visa pour \u00e9tudes en Espagne\" \/>\n<meta property=\"og:description\" content=\"Assistance compl\u00e8te pour l&#039;obtention d&#039;un visa pour \u00e9tudes en Espagne. Ne vous inqui\u00e9tez de rien ! Nous nous occupons de l&#039;ensemble du processus.\" \/>\n<meta property=\"og:url\" content=\"https:\/\/forsaatodos.com\/fr\/cursos\/plan-complet-visa-pour-etudes-en-espagne\/\" \/>\n<meta property=\"og:site_name\" content=\"Forsa a Todos - &iexcl;Visados de Estudios en Espa&ntilde;a!\" \/>\n<meta name=\"twitter:card\" content=\"summary_large_image\" \/>\n<script type=\"application\/ld+json\" class=\"yoast-schema-graph\">{\"@context\":\"https:\\\/\\\/schema.org\",\"@graph\":[{\"@type\":\"WebPage\",\"@id\":\"https:\\\/\\\/forsaatodos.com\\\/fr\\\/cursos\\\/plan-complet-visa-pour-etudes-en-espagne\\\/\",\"url\":\"https:\\\/\\\/forsaatodos.com\\\/fr\\\/cursos\\\/plan-complet-visa-pour-etudes-en-espagne\\\/\",\"name\":\"PLAN COMPLET - Visa pour \u00e9tudes en Espagne - Forsa a Todos - &iexcl;Visados de Estudios en Espa&ntilde;a!\",\"isPartOf\":{\"@id\":\"https:\\\/\\\/forsaatodos.com\\\/#website\"},\"primaryImageOfPage\":{\"@id\":\"https:\\\/\\\/forsaatodos.com\\\/fr\\\/cursos\\\/plan-complet-visa-pour-etudes-en-espagne\\\/#primaryimage\"},\"image\":{\"@id\":\"https:\\\/\\\/forsaatodos.com\\\/fr\\\/cursos\\\/plan-complet-visa-pour-etudes-en-espagne\\\/#primaryimage\"},\"thumbnailUrl\":\"https:\\\/\\\/forsaatodos.com\\\/wp-content\\\/uploads\\\/2024\\\/11\\\/Gemini_Generated_Image_177zj9177zj9177z.png\",\"datePublished\":\"2024-11-17T14:45:53+00:00\",\"breadcrumb\":{\"@id\":\"https:\\\/\\\/forsaatodos.com\\\/fr\\\/cursos\\\/plan-complet-visa-pour-etudes-en-espagne\\\/#breadcrumb\"},\"inLanguage\":\"fr-FR\",\"potentialAction\":[{\"@type\":\"ReadAction\",\"target\":[\"https:\\\/\\\/forsaatodos.com\\\/fr\\\/cursos\\\/plan-complet-visa-pour-etudes-en-espagne\\\/\"]}]},{\"@type\":\"ImageObject\",\"inLanguage\":\"fr-FR\",\"@id\":\"https:\\\/\\\/forsaatodos.com\\\/fr\\\/cursos\\\/plan-complet-visa-pour-etudes-en-espagne\\\/#primaryimage\",\"url\":\"https:\\\/\\\/forsaatodos.com\\\/wp-content\\\/uploads\\\/2024\\\/11\\\/Gemini_Generated_Image_177zj9177zj9177z.png\",\"contentUrl\":\"https:\\\/\\\/forsaatodos.com\\\/wp-content\\\/uploads\\\/2024\\\/11\\\/Gemini_Generated_Image_177zj9177zj9177z.png\",\"width\":1024,\"height\":1024},{\"@type\":\"BreadcrumbList\",\"@id\":\"https:\\\/\\\/forsaatodos.com\\\/fr\\\/cursos\\\/plan-complet-visa-pour-etudes-en-espagne\\\/#breadcrumb\",\"itemListElement\":[{\"@type\":\"ListItem\",\"position\":1,\"name\":\"Accueil\",\"item\":\"https:\\\/\\\/forsaatodos.com\\\/\"},{\"@type\":\"ListItem\",\"position\":2,\"name\":\"Boutique\",\"item\":\"https:\\\/\\\/forsaatodos.com\\\/fr\\\/boutique\\\/\"},{\"@type\":\"ListItem\",\"position\":3,\"name\":\"PLAN COMPLET &#8211; Visa pour \u00e9tudes en Espagne\"}]},{\"@type\":\"WebSite\",\"@id\":\"https:\\\/\\\/forsaatodos.com\\\/#website\",\"url\":\"https:\\\/\\\/forsaatodos.com\\\/\",\"name\":\"Forsa a Todos - &iexcl;Visados de Estudios en Espa&ntilde;a!\",\"description\":\"Agencia de Formaci\u00f3n en Espa\u00f1a\",\"potentialAction\":[{\"@type\":\"SearchAction\",\"target\":{\"@type\":\"EntryPoint\",\"urlTemplate\":\"https:\\\/\\\/forsaatodos.com\\\/?s={search_term_string}\"},\"query-input\":{\"@type\":\"PropertyValueSpecification\",\"valueRequired\":true,\"valueName\":\"search_term_string\"}}],\"inLanguage\":\"fr-FR\"}]}<\/script>\n<!-- \/ Yoast SEO Premium plugin. -->","yoast_head_json":{"title":"PLAN COMPLET - Visa pour \u00e9tudes en Espagne - Forsa a Todos - &iexcl;Visados de Estudios en Espa&ntilde;a!","robots":{"index":"index","follow":"follow","max-snippet":"max-snippet:-1","max-image-preview":"max-image-preview:large","max-video-preview":"max-video-preview:-1"},"canonical":"https:\/\/forsaatodos.com\/fr\/cursos\/plan-complet-visa-pour-etudes-en-espagne\/","og_locale":"fr_FR","og_type":"article","og_title":"PLAN COMPLET - Visa pour \u00e9tudes en Espagne","og_description":"Assistance compl\u00e8te pour l'obtention d'un visa pour \u00e9tudes en Espagne. Ne vous inqui\u00e9tez de rien ! Nous nous occupons de l'ensemble du processus.","og_url":"https:\/\/forsaatodos.com\/fr\/cursos\/plan-complet-visa-pour-etudes-en-espagne\/","og_site_name":"Forsa a Todos - &iexcl;Visados de Estudios en Espa&ntilde;a!","twitter_card":"summary_large_image","schema":{"@context":"https:\/\/schema.org","@graph":[{"@type":"WebPage","@id":"https:\/\/forsaatodos.com\/fr\/cursos\/plan-complet-visa-pour-etudes-en-espagne\/","url":"https:\/\/forsaatodos.com\/fr\/cursos\/plan-complet-visa-pour-etudes-en-espagne\/","name":"PLAN COMPLET - Visa pour \u00e9tudes en Espagne - Forsa a Todos - &iexcl;Visados de Estudios en Espa&ntilde;a!","isPartOf":{"@id":"https:\/\/forsaatodos.com\/#website"},"primaryImageOfPage":{"@id":"https:\/\/forsaatodos.com\/fr\/cursos\/plan-complet-visa-pour-etudes-en-espagne\/#primaryimage"},"image":{"@id":"https:\/\/forsaatodos.com\/fr\/cursos\/plan-complet-visa-pour-etudes-en-espagne\/#primaryimage"},"thumbnailUrl":"https:\/\/forsaatodos.com\/wp-content\/uploads\/2024\/11\/Gemini_Generated_Image_177zj9177zj9177z.png","datePublished":"2024-11-17T14:45:53+00:00","breadcrumb":{"@id":"https:\/\/forsaatodos.com\/fr\/cursos\/plan-complet-visa-pour-etudes-en-espagne\/#breadcrumb"},"inLanguage":"fr-FR","potentialAction":[{"@type":"ReadAction","target":["https:\/\/forsaatodos.com\/fr\/cursos\/plan-complet-visa-pour-etudes-en-espagne\/"]}]},{"@type":"ImageObject","inLanguage":"fr-FR","@id":"https:\/\/forsaatodos.com\/fr\/cursos\/plan-complet-visa-pour-etudes-en-espagne\/#primaryimage","url":"https:\/\/forsaatodos.com\/wp-content\/uploads\/2024\/11\/Gemini_Generated_Image_177zj9177zj9177z.png","contentUrl":"https:\/\/forsaatodos.com\/wp-content\/uploads\/2024\/11\/Gemini_Generated_Image_177zj9177zj9177z.png","width":1024,"height":1024},{"@type":"BreadcrumbList","@id":"https:\/\/forsaatodos.com\/fr\/cursos\/plan-complet-visa-pour-etudes-en-espagne\/#breadcrumb","itemListElement":[{"@type":"ListItem","position":1,"name":"Accueil","item":"https:\/\/forsaatodos.com\/"},{"@type":"ListItem","position":2,"name":"Boutique","item":"https:\/\/forsaatodos.com\/fr\/boutique\/"},{"@type":"ListItem","position":3,"name":"PLAN COMPLET &#8211; Visa pour \u00e9tudes en Espagne"}]},{"@type":"WebSite","@id":"https:\/\/forsaatodos.com\/#website","url":"https:\/\/forsaatodos.com\/","name":"Forsa a Todos - &iexcl;Visados de Estudios en Espa&ntilde;a!","description":"Agencia de Formaci\u00f3n en Espa\u00f1a","potentialAction":[{"@type":"SearchAction","target":{"@type":"EntryPoint","urlTemplate":"https:\/\/forsaatodos.com\/?s={search_term_string}"},"query-input":{"@type":"PropertyValueSpecification","valueRequired":true,"valueName":"search_term_string"}}],"inLanguage":"fr-FR"}]}},"_links":{"self":[{"href":"https:\/\/forsaatodos.com\/fr\/wp-json\/wp\/v2\/product\/22539","targetHints":{"allow":["GET"]}}],"collection":[{"href":"https:\/\/forsaatodos.com\/fr\/wp-json\/wp\/v2\/product"}],"about":[{"href":"https:\/\/forsaatodos.com\/fr\/wp-json\/wp\/v2\/types\/product"}],"version-history":[{"count":0,"href":"https:\/\/forsaatodos.com\/fr\/wp-json\/wp\/v2\/product\/22539\/revisions"}],"wp:featuredmedia":[{"embeddable":true,"href":"https:\/\/forsaatodos.com\/fr\/wp-json\/wp\/v2\/media\/25786"}],"wp:attachment":[{"href":"https:\/\/forsaatodos.com\/fr\/wp-json\/wp\/v2\/media?parent=22539"}],"wp:term":[{"taxonomy":"product_brand","embeddable":true,"href":"https:\/\/forsaatodos.com\/fr\/wp-json\/wp\/v2\/product_brand?post=22539"},{"taxonomy":"product_cat","embeddable":true,"href":"https:\/\/forsaatodos.com\/fr\/wp-json\/wp\/v2\/product_cat?post=22539"},{"taxonomy":"product_tag","embeddable":true,"href":"https:\/\/forsaatodos.com\/fr\/wp-json\/wp\/v2\/product_tag?post=22539"}],"curies":[{"name":"wp","href":"https:\/\/api.w.org\/{rel}","templated":true}]}}