{"id":25244,"date":"2024-10-10T13:09:01","date_gmt":"2024-10-10T11:09:01","guid":{"rendered":"https:\/\/forsaatodos.com\/politica-de-cookies\/"},"modified":"2025-04-11T16:22:12","modified_gmt":"2025-04-11T14:22:12","slug":"politica-de-cookies","status":"publish","type":"page","link":"https:\/\/forsaatodos.com\/fr\/politica-de-cookies\/","title":{"rendered":"Pol\u00edtica de Cookies"},"content":{"rendered":"\t\t<div data-elementor-type=\"wp-page\" data-elementor-id=\"25244\" class=\"elementor elementor-25244 elementor-21170\">\n\t\t\t\t\t\t<section data-ka-cursor-size=\"1\" class=\"elementor-section elementor-top-section elementor-element elementor-element-30b1549 elementor-section-boxed elementor-section-height-default elementor-section-height-default\" data-id=\"30b1549\" data-element_type=\"section\" data-e-type=\"section\" data-settings=\"{&quot;background_background&quot;:&quot;classic&quot;,&quot;kng_cursor_interaction&quot;:&quot;default&quot;,&quot;kng_cursor_magnetic&quot;:&quot;none&quot;,&quot;kng_cursor_size_multiplier&quot;:{&quot;unit&quot;:&quot;px&quot;,&quot;size&quot;:1,&quot;sizes&quot;:[]}}\">\n\t\t\t\t\t\t<div class=\"elementor-container elementor-column-gap-default\">\n\t\t\t\t\t<div data-ka-cursor-size=\"1\" class=\"elementor-column elementor-col-100 elementor-top-column elementor-element elementor-element-978631d\" data-id=\"978631d\" data-element_type=\"column\" data-e-type=\"column\" data-settings=\"{&quot;kng_cursor_interaction&quot;:&quot;default&quot;,&quot;kng_cursor_magnetic&quot;:&quot;none&quot;,&quot;kng_cursor_size_multiplier&quot;:{&quot;unit&quot;:&quot;px&quot;,&quot;size&quot;:1,&quot;sizes&quot;:[]}}\">\n\t\t\t<div class=\"elementor-widget-wrap elementor-element-populated\">\n\t\t\t\t\t\t<div data-ka-cursor-size=\"1\" class=\"elementor-element elementor-element-ecaee29 elementor-widget elementor-widget-text-editor\" data-id=\"ecaee29\" data-element_type=\"widget\" data-e-type=\"widget\" data-settings=\"{&quot;kng_cursor_interaction&quot;:&quot;default&quot;,&quot;kng_cursor_magnetic&quot;:&quot;none&quot;,&quot;kng_cursor_size_multiplier&quot;:{&quot;unit&quot;:&quot;px&quot;,&quot;size&quot;:1,&quot;sizes&quot;:[]}}\" data-widget_type=\"text-editor.default\">\n\t\t\t\t<div class=\"elementor-widget-container\">\n\t\t\t\t\t\t\t\t\t<header class=\"text-center\">\n<h2>POLITIQUE DE COOKIES<\/h2>\n<p>Lors de la consultation de notre site Internet, nous pouvons \u00eatre amen\u00e9s \u00e0 d\u00e9poser sur votre terminal des \u00ab cookies \u00bb via votre logiciel de navigation, sous r\u00e9serve des choix et options que vous aurez exprim\u00e9s.<\/p>\n<p>Les cookies sont de petits fichiers texte qui sont plac\u00e9s et stock\u00e9s sur votre navigateur ou votre appareil lorsque vous visitez notre site Web. Ils nous permettent, pendant leur dur\u00e9e de validit\u00e9 ou d&#8217;enregistrement, de stocker et de collecter des informations bas\u00e9es sur le type de cookies utilis\u00e9s, notamment pour identifier votre appareil lors de vos prochaines visites. Des partenaires ou soci\u00e9t\u00e9s tiers peuvent \u00e9galement \u00eatre amen\u00e9s \u00e0 placer des cookies sur votre ordinateur.<\/p>\n<p>Veuillez noter que certains cookies sont indispensables au bon fonctionnement de notre site, leur suppression peut entra\u00eener des difficult\u00e9s lors de son utilisation. Seul l\u2019\u00e9metteur d\u2019un cookie est susceptible de lire ou de modifier les informations contenues dans ce cookie.<\/p>\n<p>Le r\u00e8glement europ\u00e9en dit \u00ab e-privacy \u00bb encadre l\u2019utilisation de cookies et autres traceurs lors de la navigation des utilisateurs d\u2019un site internet.<\/p>\n<p>Conform\u00e9ment aux lois et r\u00e9glementations en vigueur et \u00e0 venir, nous ne pouvons stocker des cookies sur votre terminal que s&#8217;ils sont strictement n\u00e9cessaires au fonctionnement de ce site. Pour tous les autres types de cookies, nous devons obtenir votre consentement.<\/p>\n<p>Vous avez actuellement donn\u00e9 votre consentement \u00e0 l&#8217;utilisation du cookie suivant :<\/p>\n<p>MODIFIER VOTRE CONSENTEMENT<\/p>\n<p>D\u00e9finir des cookies<\/p>\n<p>RETIREZ VOTRE CONSENTEMENT<\/p>\n<p>Rejeter tout<\/p>\n<p>Rejeter tout<\/p>\n<p>Ce site Web peut utiliser les cookies suivants :<\/p>\n<p>Cookies techniques<\/p>\n<p>Ces cookies permettent la navigation sur un site Web, une plateforme ou une application et l&#8217;utilisation des diff\u00e9rentes options ou services qui y existent. Ces cookies permettent une navigation fluide et personnalis\u00e9e. Par exemple : contr\u00f4ler le trafic et la communication de donn\u00e9es, identifier la session, acc\u00e9der \u00e0 des zones d&#8217;acc\u00e8s restreint, faire une demande d&#8217;inscription ou de participation \u00e0 un \u00e9v\u00e9nement, utiliser des \u00e9l\u00e9ments de s\u00e9curit\u00e9 lors de la navigation, stocker du contenu pour la diffusion de vid\u00e9os ou de sons ou partager du contenu via les r\u00e9seaux sociaux. Parmi ces cookies, nous pouvons trouver, entre autres, des cookies de saisie d&#8217;utilisateur, des cookies d&#8217;authentification et des cookies de s\u00e9curit\u00e9 de l&#8217;utilisateur.<\/p>\n<p>Sans cookies techniques, le site ne peut pas \u00eatre utilis\u00e9 normalement et il est donc d\u00e9conseill\u00e9 d&#8217;emp\u00eacher leur utilisation ou de les supprimer.<\/p>\n<p>Cookies de personnalisation<\/p>\n<p>Ces cookies permettent d&#8217;acc\u00e9der au service avec certaines caract\u00e9ristiques g\u00e9n\u00e9rales pr\u00e9d\u00e9finies en fonction d&#8217;une s\u00e9rie de crit\u00e8res dans le terminal de l&#8217;utilisateur, tels que la langue, le type de navigateur via lequel le service est accessible, la configuration r\u00e9gionale \u00e0 partir de laquelle le service est accessible, etc.<\/p>\n<p>Cookies analytiques\/de performance<\/p>\n<p>Les cookies analytiques nous permettent de suivre et d&#8217;analyser votre comportement de navigation sur notre site Web afin de cr\u00e9er des profils de navigation utilisateur pour am\u00e9liorer nos services en fonction de l&#8217;analyse de vos donn\u00e9es d&#8217;utilisation. De cette fa\u00e7on, nous pouvons conna\u00eetre les informations suivantes :<\/p>\n<p>\u2013 Date et heure de votre derni\u00e8re visite sur notre site Web.<\/p>\n<p>\u2013 Acc\u00e9der au contenu que vous avez s\u00e9lectionn\u00e9 lors de votre derni\u00e8re visite sur notre site Web.<\/p>\n<p>\u00c0 partir des informations ci-dessus, des statistiques sur l&#8217;utilisation de notre site Web peuvent \u00eatre g\u00e9n\u00e9r\u00e9es. De cette fa\u00e7on, nous pouvons concentrer nos efforts sur l\u2019am\u00e9lioration des zones les plus visit\u00e9es et vous permettre de trouver plus facilement ce que vous recherchez.<\/p>\n<p>Le site Web peut utiliser les informations collect\u00e9es par ces cookies lors de votre visite pour effectuer des \u00e9valuations statistiques et des calculs sur des donn\u00e9es anonymes, ainsi que pour assurer la continuit\u00e9 du service ou pour apporter des am\u00e9liorations au site Web. Ces informations ne seront utilis\u00e9es \u00e0 aucune autre fin. Le refus d&#8217;utilisation ou la suppression de ces cookies n&#8217;a pas d&#8217;impact sur votre exp\u00e9rience de navigation sur le site, mais est susceptible d&#8217;emp\u00eacher FORSA A TODOS de garantir la meilleure qualit\u00e9 de services que FORSA A TODOS souhaite vous offrir.<\/p>\n<p>Cookies publicitaires<\/p>\n<p>Les cookies publicitaires sont utilis\u00e9s pour collecter des informations afin de vous fournir des informations publicitaires et promotionnelles. De cette mani\u00e8re, ils nous permettent de g\u00e9rer, de la mani\u00e8re la plus efficace possible, les espaces publicitaires inclus sur notre site Web, en fonction de crit\u00e8res tels que le contenu \u00e9dit\u00e9 ou la fr\u00e9quence \u00e0 laquelle les publicit\u00e9s sont affich\u00e9es. Ils peuvent \u00e9galement \u00eatre affich\u00e9s sur d\u2019autres sites que vous consultez.<\/p>\n<p>Le refus ou la suppression de ces cookies publicitaires n&#8217;a aucun impact sur votre utilisation du site et de nos services en ligne.<\/p>\n<p>Cookies de publicit\u00e9 comportementale<\/p>\n<p>Les cookies de publicit\u00e9 comportementale (\u00e9galement appel\u00e9s cookies de \u00ab suivi \u00bb) permettent la gestion efficace des espaces publicitaires inclus sur ce site Web. Ces cookies stockent des informations sur votre comportement, obtenues gr\u00e2ce \u00e0 l&#8217;observation continue de vos habitudes de navigation, ce qui nous permet de d\u00e9velopper un profil sp\u00e9cifique pour vous montrer de la publicit\u00e9 en fonction de celui-ci.<\/p>\n<p>Ce type de cookies comprend les cookies utilis\u00e9s \u00e0 des fins de limitation de la pression commerciale, de connexion pour le paiement, d&#8217;affiliation publicitaire, de d\u00e9tection de fraude aux clics, d&#8217;\u00e9tudes et d&#8217;analyses de march\u00e9, d&#8217;am\u00e9lioration et de d\u00e9bogage des produits, entre autres.<\/p>\n<p>Le refus ou la suppression de ces cookies publicitaires n&#8217;a aucun impact sur votre utilisation du site et de nos services en ligne.<\/p>\n<p>Cookies compl\u00e9mentaires de r\u00e9seaux sociaux pour le suivi<\/p>\n<p>Ces cookies permettent de partager le contenu de certaines pages du site sur les r\u00e9seaux sociaux, notamment Facebook, Twitter, LinkedIn, Youtube, Instagram.<\/p>\n<p>Le site contient des liens pour partager avec ces r\u00e9seaux sociaux. Lorsque vous utilisez ces boutons de partage, un cookie tiers du r\u00e9seau social concern\u00e9 est install\u00e9. Le r\u00e9seau social peut donc vous identifier et collecter des informations en utilisant ses propres cookies ou ses boutons \u00ab j&#8217;aime \u00bb ou \u00ab partager \u00bb. Chaque r\u00e9seau poss\u00e8de ses propres modalit\u00e9s de collecte de donn\u00e9es et ses propres cookies, nous vous invitons \u00e0 consulter leur politique de cookies ou politique de confidentialit\u00e9 sur leurs sites.<\/p>\n<p>Le r\u00e9seau social qui fournit un tel bouton applicatif est susceptible de vous identifier gr\u00e2ce \u00e0 ce bouton, m\u00eame si vous ne l&#8217;avez pas utilis\u00e9 lors de votre visite sur le site. En effet, ce type de bouton applicatif peut permettre au r\u00e9seau social concern\u00e9 de suivre votre navigation sur notre site, du seul fait que votre compte au r\u00e9seau social concern\u00e9 \u00e9tait activ\u00e9 sur votre terminal (session ouverte) durant votre navigation sur le site.<\/p>\n<p>Si vous avez refus\u00e9 la mise en \u0153uvre de ces cookies, vous devrez vous authentifier lors de chaque partage sur le(s) r\u00e9seau(x) concern\u00e9(s).<\/p>\n<p>Origine des cookies utilis\u00e9s sur ce site<\/p>\n<p>Les cookies utilis\u00e9s sur le site peuvent \u00eatre \u00ab propri\u00e9taires \u00bb, ce qui signifie que FORSA A TODOS est l\u2019initiateur de leur d\u00e9p\u00f4t lorsque vous acc\u00e9dez au site. Ils sont appel\u00e9s cookies \u00ab tiers \u00bb lorsqu\u2019ils sont plac\u00e9s par des soci\u00e9t\u00e9s tierces de FORSA A TODOS.<\/p>\n<p>Le tableau suivant pr\u00e9sente les types de cookies utilis\u00e9s.<\/p>\n<p>Cookies propres ou\/<\/p>\n<p>Cookies tiers<\/p>\n<p>Entit\u00e9 qui g\u00e8re les cookies Mais<br>Propri\u00e9t\u00e9s:<\/p>\n<p>_G\u00e9orgie<\/p>\n<p>_flingue<\/p>\n<p>_gid<\/p>\n<p>_fbp<\/p>\n<p>PHPSESSID<\/p>\n<p>DE TOUS<br>Cookies techniques<\/p>\n<p>Ils permettent \u00e0 l&#8217;utilisateur de naviguer correctement et d&#8217;utiliser les diff\u00e9rentes options ou services qui existent sur le site Web. Ils permettent, entre autres, de contr\u00f4ler le trafic et la communication de donn\u00e9es, d&#8217;identifier la session, d&#8217;acc\u00e9der aux parties \u00e0 acc\u00e8s restreint, de m\u00e9moriser les \u00e9l\u00e9ments qui composent une commande, d&#8217;effectuer le processus d&#8217;achat d&#8217;une commande, de faire la demande d&#8217;inscription ou de participation \u00e0 un \u00e9v\u00e9nement, d&#8217;utiliser des \u00e9l\u00e9ments de s\u00e9curit\u00e9 POUR TOUS lors de la navigation, de stocker du contenu pour la diffusion de vid\u00e9os ou de sons ou de partager du contenu via les r\u00e9seaux sociaux.<\/p>\n<p>De tiers<\/p>\n<p>Google Analytics<\/p>\n<p>Cookies analytiques<\/p>\n<p>Nous utilisons des cookies tiers qui nous permettent de surveiller et d&#8217;analyser votre comportement de navigation sur notre site Web, afin de cr\u00e9er des profils de navigation utilisateur pour am\u00e9liorer nos services en fonction de l&#8217;analyse de vos donn\u00e9es d&#8217;utilisation.<\/p>\n<p>De tiers<\/p>\n<p>CONSENTEMENT<\/p>\n<p>DSID<\/p>\n<p>CONNEXION GMAIL<\/p>\n<p>HSID<\/p>\n<p>APISID<\/p>\n<p>1P_JAR<\/p>\n<p>Google DoubleClick. Cookie \u00ab IDE \u00bb<\/p>\n<p>Annonces Google<\/p>\n<p>Pour plus d&#8217;informations, veuillez consulter les liens suivants :<\/p>\n<p>https:\/\/developers.google.com\/analytics\/devguides\/collection\/analyticsjs\/cookie-usage<\/p>\n<p>https:\/\/policies.google.com\/privacy<\/p>\n<p>Cookies de publicit\u00e9 comportementale<\/p>\n<p>Les cookies de publicit\u00e9 comportementale (\u00e9galement appel\u00e9s cookies de suivi) nous permettent de g\u00e9rer efficacement les espaces. Ces cookies stockent des informations sur votre comportement obtenues gr\u00e2ce \u00e0 l&#8217;observation continue de vos habitudes de navigation, ce qui nous permet de d\u00e9velopper un profil sp\u00e9cifique pour vous pr\u00e9senter des publicit\u00e9s adapt\u00e9es \u00e0 ce profil.<\/p>\n<p>De tiers<\/p>\n<p>Facebook<br>Cookies des plugins de r\u00e9seaux sociaux<\/p>\n<p>Ce site web int\u00e8gre des \u00ab modules compl\u00e9mentaires de contenu social \u00bb afin que, si vous \u00eates un utilisateur de ce r\u00e9seau social, vous puissiez \u00e9changer le contenu que vous souhaitez avec vos \u00ab amis \u00bb, mais ils peuvent \u00e9galement stocker des informations sur votre comportement, obtenues gr\u00e2ce \u00e0 l\u2019observation continue de vos habitudes de navigation : https:\/\/es-es.facebook.com\/help\/cookies\/<\/p>\n<p>Dur\u00e9e des cookies<\/p>\n<p>Les cookies d\u00e9pos\u00e9s par FORSA A TODOS sont conserv\u00e9s pendant une dur\u00e9e maximale de treize mois \u00e0 compter de leur d\u00e9p\u00f4t sur votre terminal. Pass\u00e9 ce d\u00e9lai, ou si vous avez supprim\u00e9 manuellement vos cookies, votre consentement au d\u00e9p\u00f4t et\/ou \u00e0 la lecture de cookies vous sera \u00e0 nouveau demand\u00e9.<\/p>\n<p>Gestion des cookies<\/p>\n<p>Votre ordinateur stocke des cookies lorsque vous naviguez sur Internet. Le param\u00e9trage vous permet d&#8217;accepter ou de vous opposer au d\u00e9p\u00f4t de cookies en configurant votre logiciel de navigation. Si vous acceptez l&#8217;enregistrement de cookies sur votre ordinateur, les cookies du site auquel vous avez acc\u00e9d\u00e9 sont automatiquement enregistr\u00e9s sur votre ordinateur. Vous pouvez configurer votre navigateur afin de refuser syst\u00e9matiquement l\u2019enregistrement de cookies sur votre terminal.<\/p>\n<p>Vous pouvez \u00e9galement accepter ou refuser partiellement le d\u00e9p\u00f4t de ces cookies. Dans ce cas, il vous est demand\u00e9 d&#8217;accepter ou de refuser le d\u00e9p\u00f4t de certains de ces cookies avant leur enregistrement, en param\u00e9trant vos pr\u00e9f\u00e9rences dans la barre de navigation.<\/p>\n<p>Configurer les cookies<\/p>\n<p>Vous pouvez \u00e9galement modifier \u00e0 tout moment vos pr\u00e9f\u00e9rences en mati\u00e8re d&#8217;utilisation des cookies en cliquant sur<\/p>\n<p>Configurer les cookies<\/p>\n<p>soit<\/p>\n<p>Rejeter tout<\/p>\n<p>FORSA A TODOS vous informe que si vous refusez l&#8217;insertion de cookies techniques ou de performance, l&#8217;acc\u00e8s \u00e0 certains des services propos\u00e9s par le site peut \u00eatre bloqu\u00e9 ou vous pourriez ne pas avoir acc\u00e8s \u00e0 certaines fonctions.<\/p>\n<p>FORSA A TODOS d\u00e9cline toute responsabilit\u00e9 quant \u00e0 ces restrictions d&#8217;acc\u00e8s et au fonctionnement d\u00e9grad\u00e9 des services du site lorsqu&#8217;elles r\u00e9sultent du param\u00e9trage de votre navigateur.<\/p>\n<p>Param\u00e8tres du navigateur<\/p>\n<p>Veuillez consulter les instructions et les manuels de votre navigateur pour plus d&#8217;informations :<\/p>\n<p>\u2013 Si vous utilisez Microsoft Internet Explorer, dans l\u2019option de menu Outils, s\u00e9lectionnez Options Internet. Lorsque vous acc\u00e9dez \u00e0 Confidentialit\u00e9 puis \u00e0 Param\u00e8tres, d\u00e9placez le curseur jusqu&#8217;en haut pour bloquer tous les cookies, puis appuyez ou cliquez sur OK.<\/p>\n<p>Pour plus d&#8217;informations, vous pouvez consulter le support Microsoft ou l&#8217;aide du navigateur.<\/p>\n<p>https:\/\/support.microsoft.com\/fr-fr\/help\/17442\/windows-internet-explorer-supprimer-gerer-les-cookies<\/p>\n<p>\u2013 Si vous utilisez Firefox pour Mac, dans l\u2019option de menu Pr\u00e9f\u00e9rences, s\u00e9lectionnez Confidentialit\u00e9, acc\u00e9dez \u00e0 la section Afficher les cookies. Pour Windows, sous l\u2019option de menu Outils, s\u00e9lectionnez Options, acc\u00e9dez \u00e0 Confidentialit\u00e9, puis \u00e0 \u00ab Utiliser les param\u00e8tres personnalis\u00e9s pour l\u2019historique \u00bb. Cochez l&#8217;option Accepter les cookies pour les activer et d\u00e9cochez-la pour les d\u00e9sactiver.<\/p>\n<p>Pour plus d&#8217;informations, vous pouvez consulter le support de Mozilla ou l&#8217;Aide du navigateur.<\/p>\n<p>http:\/\/support.mozilla.org\/fr\/kb\/cookies-informations-sites-enregistrent?redirectlocale=fr&redirectslug=Enregistrer+des+cookies<\/p>\n<p>\u2013 Si vous utilisez Safari, iOS 8, cliquez sur Param\u00e8tres, s\u00e9lectionnez Safari, puis s\u00e9lectionnez \u00ab Bloquer les cookies \u00bb. S\u00e9lectionnez \u00ab&nbsp;Toujours autoriser&nbsp;\u00bb, \u00ab&nbsp;Autoriser les sites que je visite&nbsp;\u00bb, \u00ab&nbsp;Autoriser uniquement les sites Web actuels&nbsp;\u00bb ou \u00ab&nbsp;Toujours bloquer&nbsp;\u00bb. Sur iOS 7 ou version ant\u00e9rieure, s\u00e9lectionnez \u00ab Jamais \u00bb, \u00ab Publicit\u00e9 et tiers \u00bb ou \u00ab Toujours \u00bb.<\/p>\n<p>Pour plus d&#8217;informations, vous pouvez consulter le support Safari ou l&#8217;Aide du navigateur.<\/p>\n<p>https:\/\/support.apple.com\/kb\/PH21411?viewlocale=fr_FR&locale=fr_FR<\/p>\n<p>\u2013 Si vous utilisez Google Chrome, dans l\u2019option de menu Outils, s\u00e9lectionnez Param\u00e8tres (Pr\u00e9f\u00e9rences sur Mac), acc\u00e9dez \u00e0 Options avanc\u00e9es et dans la section Confidentialit\u00e9, enfin cochez Cookies dans la bo\u00eete de dialogue Param\u00e8tres de contenu. Pour bloquer tous les cookies, s\u00e9lectionnez \u00ab Ne pas autoriser la sauvegarde des donn\u00e9es du site \u00bb.<\/p>\n<p>Pour plus d&#8217;informations, vous pouvez consulter le support Google ou l&#8217;aide du navigateur.<\/p>\n<p>https:\/\/support.google.com\/chrome\/answer\/95647?hl=fr&hlrm=es<\/p>\n<p>Pour toute question ou demande d&#8217;information concernant l&#8217;utilisation de ces cookies, vous pouvez nous contacter :<\/p>\n<p>par courrier \u00e0 l&#8217;adresse suivante :<\/p>\n<p><span style=\"font-size: 1rem;\">CALLE JUSTA GOICOECHEA, DE, NUM 1 08902 HOSPITALET DE LLOBREGAT (L&#8217;)- BARCELONA<\/span><\/p><p><span style=\"font-size: 1rem;\">ou par email \u00e0 l&#8217;adresse suivante :<\/span><\/p>\n<p>info@forsaatodos.com<\/p>\n<\/header>\t\t\t\t\t\t\t\t<\/div>\n\t\t\t\t<\/div>\n\t\t\t\t\t<\/div>\n\t\t<\/div>\n\t\t\t\t\t<\/div>\n\t\t<\/section>\n\t\t\t\t<\/div>\n\t\t","protected":false},"excerpt":{"rendered":"<p>POLITIQUE DE COOKIES Lors de la consultation de notre site Internet, nous pouvons \u00eatre amen\u00e9s \u00e0 d\u00e9poser sur votre terminal des \u00ab cookies \u00bb via votre logiciel de navigation, sous r\u00e9serve des choix et options que vous aurez exprim\u00e9s. Les cookies sont de petits fichiers texte qui sont plac\u00e9s et stock\u00e9s sur votre navigateur ou [&hellip;]<\/p>\n","protected":false},"author":3,"featured_media":0,"parent":0,"menu_order":0,"comment_status":"closed","ping_status":"closed","template":"","meta":{"footnotes":""},"class_list":["post-25244","page","type-page","status-publish","hentry"],"yoast_head":"<!-- This site is optimized with the Yoast SEO Premium plugin v22.6 (Yoast SEO v27.6) - https:\/\/yoast.com\/product\/yoast-seo-premium-wordpress\/ -->\n<title>Pol\u00edtica de Cookies - Forsa a Todos - &iexcl;Visados de Estudios en Espa&ntilde;a!<\/title>\n<meta name=\"robots\" content=\"index, follow, max-snippet:-1, max-image-preview:large, max-video-preview:-1\" \/>\n<link rel=\"canonical\" href=\"https:\/\/forsaatodos.com\/fr\/politica-de-cookies\/\" \/>\n<meta property=\"og:locale\" content=\"fr_FR\" \/>\n<meta property=\"og:type\" content=\"article\" \/>\n<meta property=\"og:title\" content=\"Pol\u00edtica de Cookies\" \/>\n<meta property=\"og:description\" content=\"POLITIQUE DE COOKIES Lors de la consultation de notre site Internet, nous pouvons \u00eatre amen\u00e9s \u00e0 d\u00e9poser sur votre terminal des \u00ab cookies \u00bb via votre logiciel de navigation, sous r\u00e9serve des choix et options que vous aurez exprim\u00e9s. Les cookies sont de petits fichiers texte qui sont plac\u00e9s et stock\u00e9s sur votre navigateur ou [&hellip;]\" \/>\n<meta property=\"og:url\" content=\"https:\/\/forsaatodos.com\/fr\/politica-de-cookies\/\" \/>\n<meta property=\"og:site_name\" content=\"Forsa a Todos - &iexcl;Visados de Estudios en Espa&ntilde;a!\" \/>\n<meta property=\"article:modified_time\" content=\"2025-04-11T14:22:12+00:00\" \/>\n<meta name=\"twitter:card\" content=\"summary_large_image\" \/>\n<meta name=\"twitter:label1\" content=\"Dur\u00e9e de lecture estim\u00e9e\" \/>\n\t<meta name=\"twitter:data1\" content=\"11 minutes\" \/>\n<script type=\"application\/ld+json\" class=\"yoast-schema-graph\">{\"@context\":\"https:\\\/\\\/schema.org\",\"@graph\":[{\"@type\":\"WebPage\",\"@id\":\"https:\\\/\\\/forsaatodos.com\\\/fr\\\/politica-de-cookies\\\/\",\"url\":\"https:\\\/\\\/forsaatodos.com\\\/fr\\\/politica-de-cookies\\\/\",\"name\":\"Pol\u00edtica de Cookies - Forsa a Todos - &iexcl;Visados de Estudios en Espa&ntilde;a!\",\"isPartOf\":{\"@id\":\"https:\\\/\\\/forsaatodos.com\\\/#website\"},\"datePublished\":\"2024-10-10T11:09:01+00:00\",\"dateModified\":\"2025-04-11T14:22:12+00:00\",\"breadcrumb\":{\"@id\":\"https:\\\/\\\/forsaatodos.com\\\/fr\\\/politica-de-cookies\\\/#breadcrumb\"},\"inLanguage\":\"fr-FR\",\"potentialAction\":[{\"@type\":\"ReadAction\",\"target\":[\"https:\\\/\\\/forsaatodos.com\\\/fr\\\/politica-de-cookies\\\/\"]}]},{\"@type\":\"BreadcrumbList\",\"@id\":\"https:\\\/\\\/forsaatodos.com\\\/fr\\\/politica-de-cookies\\\/#breadcrumb\",\"itemListElement\":[{\"@type\":\"ListItem\",\"position\":1,\"name\":\"Accueil\",\"item\":\"https:\\\/\\\/forsaatodos.com\\\/\"},{\"@type\":\"ListItem\",\"position\":2,\"name\":\"Pol\u00edtica de Cookies\"}]},{\"@type\":\"WebSite\",\"@id\":\"https:\\\/\\\/forsaatodos.com\\\/#website\",\"url\":\"https:\\\/\\\/forsaatodos.com\\\/\",\"name\":\"Forsa a Todos - &iexcl;Visados de Estudios en Espa&ntilde;a!\",\"description\":\"Agencia de Formaci\u00f3n en Espa\u00f1a\",\"potentialAction\":[{\"@type\":\"SearchAction\",\"target\":{\"@type\":\"EntryPoint\",\"urlTemplate\":\"https:\\\/\\\/forsaatodos.com\\\/?s={search_term_string}\"},\"query-input\":{\"@type\":\"PropertyValueSpecification\",\"valueRequired\":true,\"valueName\":\"search_term_string\"}}],\"inLanguage\":\"fr-FR\"}]}<\/script>\n<!-- \/ Yoast SEO Premium plugin. -->","yoast_head_json":{"title":"Pol\u00edtica de Cookies - Forsa a Todos - &iexcl;Visados de Estudios en Espa&ntilde;a!","robots":{"index":"index","follow":"follow","max-snippet":"max-snippet:-1","max-image-preview":"max-image-preview:large","max-video-preview":"max-video-preview:-1"},"canonical":"https:\/\/forsaatodos.com\/fr\/politica-de-cookies\/","og_locale":"fr_FR","og_type":"article","og_title":"Pol\u00edtica de Cookies","og_description":"POLITIQUE DE COOKIES Lors de la consultation de notre site Internet, nous pouvons \u00eatre amen\u00e9s \u00e0 d\u00e9poser sur votre terminal des \u00ab cookies \u00bb via votre logiciel de navigation, sous r\u00e9serve des choix et options que vous aurez exprim\u00e9s. Les cookies sont de petits fichiers texte qui sont plac\u00e9s et stock\u00e9s sur votre navigateur ou [&hellip;]","og_url":"https:\/\/forsaatodos.com\/fr\/politica-de-cookies\/","og_site_name":"Forsa a Todos - &iexcl;Visados de Estudios en Espa&ntilde;a!","article_modified_time":"2025-04-11T14:22:12+00:00","twitter_card":"summary_large_image","twitter_misc":{"Dur\u00e9e de lecture estim\u00e9e":"11 minutes"},"schema":{"@context":"https:\/\/schema.org","@graph":[{"@type":"WebPage","@id":"https:\/\/forsaatodos.com\/fr\/politica-de-cookies\/","url":"https:\/\/forsaatodos.com\/fr\/politica-de-cookies\/","name":"Pol\u00edtica de Cookies - Forsa a Todos - &iexcl;Visados de Estudios en Espa&ntilde;a!","isPartOf":{"@id":"https:\/\/forsaatodos.com\/#website"},"datePublished":"2024-10-10T11:09:01+00:00","dateModified":"2025-04-11T14:22:12+00:00","breadcrumb":{"@id":"https:\/\/forsaatodos.com\/fr\/politica-de-cookies\/#breadcrumb"},"inLanguage":"fr-FR","potentialAction":[{"@type":"ReadAction","target":["https:\/\/forsaatodos.com\/fr\/politica-de-cookies\/"]}]},{"@type":"BreadcrumbList","@id":"https:\/\/forsaatodos.com\/fr\/politica-de-cookies\/#breadcrumb","itemListElement":[{"@type":"ListItem","position":1,"name":"Accueil","item":"https:\/\/forsaatodos.com\/"},{"@type":"ListItem","position":2,"name":"Pol\u00edtica de Cookies"}]},{"@type":"WebSite","@id":"https:\/\/forsaatodos.com\/#website","url":"https:\/\/forsaatodos.com\/","name":"Forsa a Todos - &iexcl;Visados de Estudios en Espa&ntilde;a!","description":"Agencia de Formaci\u00f3n en Espa\u00f1a","potentialAction":[{"@type":"SearchAction","target":{"@type":"EntryPoint","urlTemplate":"https:\/\/forsaatodos.com\/?s={search_term_string}"},"query-input":{"@type":"PropertyValueSpecification","valueRequired":true,"valueName":"search_term_string"}}],"inLanguage":"fr-FR"}]}},"_links":{"self":[{"href":"https:\/\/forsaatodos.com\/fr\/wp-json\/wp\/v2\/pages\/25244","targetHints":{"allow":["GET"]}}],"collection":[{"href":"https:\/\/forsaatodos.com\/fr\/wp-json\/wp\/v2\/pages"}],"about":[{"href":"https:\/\/forsaatodos.com\/fr\/wp-json\/wp\/v2\/types\/page"}],"author":[{"embeddable":true,"href":"https:\/\/forsaatodos.com\/fr\/wp-json\/wp\/v2\/users\/3"}],"replies":[{"embeddable":true,"href":"https:\/\/forsaatodos.com\/fr\/wp-json\/wp\/v2\/comments?post=25244"}],"version-history":[{"count":16,"href":"https:\/\/forsaatodos.com\/fr\/wp-json\/wp\/v2\/pages\/25244\/revisions"}],"predecessor-version":[{"id":25461,"href":"https:\/\/forsaatodos.com\/fr\/wp-json\/wp\/v2\/pages\/25244\/revisions\/25461"}],"wp:attachment":[{"href":"https:\/\/forsaatodos.com\/fr\/wp-json\/wp\/v2\/media?parent=25244"}],"curies":[{"name":"wp","href":"https:\/\/api.w.org\/{rel}","templated":true}]}}