{"id":22513,"date":"2024-11-17T15:34:40","date_gmt":"2024-11-17T14:34:40","guid":{"rendered":"https:\/\/forsaatodos.com\/?post_type=product&#038;p=22513"},"modified":"2025-03-14T11:33:15","modified_gmt":"2025-03-14T10:33:15","slug":"plan-basic-visado-por-estudios-en-espana","status":"publish","type":"product","link":"https:\/\/forsaatodos.com\/es\/producto\/plan-basic-visado-por-estudios-en-espana\/","title":{"rendered":"PLAN BASIC &#8211;  VISADO DE ESTUDIOS EN ESPA\u00d1A"},"content":{"rendered":"<div class=\"elementor-price-table__header\">\n<h3 class=\"elementor-price-table__heading\" style=\"text-align: left;\">Plan Basic &#8211; VISADO DE ESTUDIOS EN ESPA\u00d1A<\/h3>\n<p style=\"text-align: left;\"><span class=\"elementor-price-table__subheading\">Este plan es perfecto si ya conoces el proceso y s\u00f3lo necesitas asesoramiento.<\/span><\/p>\n<\/div>\n<div class=\"elementor-price-table__price\" style=\"text-align: left;\"><strong><span class=\"elementor-price-table__integer-part\">199\u20ac<\/span><\/strong><\/div>\n<div class=\"elementor-price-table__feature-inner\" style=\"text-align: left;\">\n<ul class=\"elementor-icon-list-items\">\n<li class=\"elementor-icon-list-item\"><span class=\"elementor-icon-list-text\">Matriculaci\u00f3n en nuestros centros acreditados<\/span><\/li>\n<li class=\"elementor-icon-list-item\"><i class=\"far fa-check-circle\" aria-hidden=\"true\"><\/i><span class=\"elementor-icon-list-text\">Descuentos especiales hasta el 50%<\/span><\/li>\n<\/ul>\n<\/div>\n<div class=\"elementor-price-table__footer\">\n<div class=\"elementor-price-table__additional_info\" style=\"text-align: right;\">\n<section class=\"elementor-section elementor-top-section elementor-element elementor-element-45ae6ac elementor-section-content-middle elementor-section-boxed elementor-section-height-default elementor-section-height-default\" data-id=\"45ae6ac\" data-element_type=\"section\">\n<div class=\"elementor-container elementor-column-gap-no\">\n<div class=\"elementor-column elementor-col-100 elementor-top-column elementor-element elementor-element-c4ffb7e\" data-id=\"c4ffb7e\" data-element_type=\"column\">\n<div class=\"elementor-widget-wrap elementor-element-populated\">\n<section class=\"elementor-section elementor-inner-section elementor-element elementor-element-cc4d273 elementor-reverse-mobile elementor-section-boxed elementor-section-height-default elementor-section-height-default\" data-id=\"cc4d273\" data-element_type=\"section\">\n<div class=\"elementor-container elementor-column-gap-no\">\n<div class=\"elementor-column elementor-col-33 elementor-inner-column elementor-element elementor-element-0d1352d\" data-id=\"0d1352d\" data-element_type=\"column\" data-settings=\"{&quot;background_background&quot;:&quot;classic&quot;}\">\n<div class=\"elementor-widget-wrap elementor-element-populated\">\n<div class=\"elementor-element elementor-element-b6ffcfa elementor-widget elementor-widget-heading\" data-id=\"b6ffcfa\" data-element_type=\"widget\" data-widget_type=\"heading.default\">\n<div class=\"elementor-widget-container\">\n<h3 class=\"elementor-heading-title elementor-size-default\" style=\"text-align: left;\">\u00a1Consigue tu visado con nosotros!<\/h3>\n<\/div>\n<\/div>\n<\/div>\n<\/div>\n<\/div>\n<\/section>\n<\/div>\n<\/div>\n<\/div>\n<\/section>\n<section class=\"elementor-section elementor-top-section elementor-element elementor-element-53c6097 elementor-section-height-min-height elementor-section-content-middle elementor-section-stretched elementor-section-boxed elementor-section-height-default elementor-section-items-middle\" data-id=\"53c6097\" data-element_type=\"section\" data-settings=\"{&quot;background_background&quot;:&quot;classic&quot;,&quot;stretch_section&quot;:&quot;section-stretched&quot;}\"><\/section>\n<\/div>\n<\/div>\n","protected":false},"excerpt":{"rendered":"<p style=\"text-align: left;\">Asesoramiento Plan Basic para la obtenci\u00f3n de visado por estudios en Espa\u00f1a y matriculaci\u00f3n en el programa formativo con descuentos exclusivos.<\/p>\n","protected":false},"featured_media":24467,"template":"","meta":[],"product_brand":[],"product_cat":[276],"product_tag":[279,282,281],"class_list":{"0":"post-22513","1":"product","2":"type-product","3":"status-publish","4":"has-post-thumbnail","6":"product_cat-visado-por-estudios","7":"product_tag-expediente-visado","8":"product_tag-visado-espana","9":"product_tag-visado-estudios","11":"first","12":"instock","13":"sale","14":"virtual","15":"taxable","16":"purchasable","17":"product-type-simple"},"yoast_head":"<!-- This site is optimized with the Yoast SEO Premium plugin v22.6 (Yoast SEO v27.4) - https:\/\/yoast.com\/product\/yoast-seo-premium-wordpress\/ -->\n<title>PLAN BASIC - VISADO DE ESTUDIOS EN ESPA\u00d1A - Forsa a Todos - &iexcl;Visados de Estudios en Espa&ntilde;a!<\/title>\n<meta name=\"robots\" content=\"index, follow, max-snippet:-1, max-image-preview:large, max-video-preview:-1\" \/>\n<link rel=\"canonical\" href=\"https:\/\/forsaatodos.com\/cursos\/plan-basic-visado-por-estudios-en-espana\/\" \/>\n<meta property=\"og:locale\" content=\"es_ES\" \/>\n<meta property=\"og:type\" content=\"article\" \/>\n<meta property=\"og:title\" content=\"PLAN BASIC - VISADO DE ESTUDIOS EN ESPA\u00d1A\" \/>\n<meta property=\"og:description\" content=\"Asesoramiento Plan Basic para la obtenci\u00f3n de visado por estudios en Espa\u00f1a y matriculaci\u00f3n en el programa formativo con descuentos exclusivos.\" \/>\n<meta property=\"og:url\" content=\"https:\/\/forsaatodos.com\/cursos\/plan-basic-visado-por-estudios-en-espana\/\" \/>\n<meta property=\"og:site_name\" content=\"Forsa a Todos - &iexcl;Visados de Estudios en Espa&ntilde;a!\" \/>\n<meta property=\"article:modified_time\" content=\"2025-03-14T10:33:15+00:00\" \/>\n<meta property=\"og:image\" content=\"https:\/\/forsaatodos.com\/wp-content\/uploads\/2024\/11\/VISADO-DE-ESTUDIOS-EN-ESPANA-FORSA-A-TODOS-.png\" \/>\n\t<meta property=\"og:image:width\" content=\"1000\" \/>\n\t<meta property=\"og:image:height\" content=\"1000\" \/>\n\t<meta property=\"og:image:type\" content=\"image\/png\" \/>\n<meta name=\"twitter:card\" content=\"summary_large_image\" \/>\n<meta name=\"twitter:label1\" content=\"Tiempo de lectura\" \/>\n\t<meta name=\"twitter:data1\" content=\"1 minuto\" \/>\n<script type=\"application\/ld+json\" class=\"yoast-schema-graph\">{\"@context\":\"https:\\\/\\\/schema.org\",\"@graph\":[{\"@type\":\"WebPage\",\"@id\":\"https:\\\/\\\/forsaatodos.com\\\/cursos\\\/plan-basic-visado-por-estudios-en-espana\\\/\",\"url\":\"https:\\\/\\\/forsaatodos.com\\\/cursos\\\/plan-basic-visado-por-estudios-en-espana\\\/\",\"name\":\"PLAN BASIC - VISADO DE ESTUDIOS EN ESPA\u00d1A - Forsa a Todos - &iexcl;Visados de Estudios en Espa&ntilde;a!\",\"isPartOf\":{\"@id\":\"https:\\\/\\\/forsaatodos.com\\\/#website\"},\"primaryImageOfPage\":{\"@id\":\"https:\\\/\\\/forsaatodos.com\\\/cursos\\\/plan-basic-visado-por-estudios-en-espana\\\/#primaryimage\"},\"image\":{\"@id\":\"https:\\\/\\\/forsaatodos.com\\\/cursos\\\/plan-basic-visado-por-estudios-en-espana\\\/#primaryimage\"},\"thumbnailUrl\":\"https:\\\/\\\/forsaatodos.com\\\/wp-content\\\/uploads\\\/2024\\\/11\\\/VISADO-DE-ESTUDIOS-EN-ESPANA-FORSA-A-TODOS-.png\",\"datePublished\":\"2024-11-17T14:34:40+00:00\",\"dateModified\":\"2025-03-14T10:33:15+00:00\",\"breadcrumb\":{\"@id\":\"https:\\\/\\\/forsaatodos.com\\\/cursos\\\/plan-basic-visado-por-estudios-en-espana\\\/#breadcrumb\"},\"inLanguage\":\"es\",\"potentialAction\":[{\"@type\":\"ReadAction\",\"target\":[\"https:\\\/\\\/forsaatodos.com\\\/cursos\\\/plan-basic-visado-por-estudios-en-espana\\\/\"]}]},{\"@type\":\"ImageObject\",\"inLanguage\":\"es\",\"@id\":\"https:\\\/\\\/forsaatodos.com\\\/cursos\\\/plan-basic-visado-por-estudios-en-espana\\\/#primaryimage\",\"url\":\"https:\\\/\\\/forsaatodos.com\\\/wp-content\\\/uploads\\\/2024\\\/11\\\/VISADO-DE-ESTUDIOS-EN-ESPANA-FORSA-A-TODOS-.png\",\"contentUrl\":\"https:\\\/\\\/forsaatodos.com\\\/wp-content\\\/uploads\\\/2024\\\/11\\\/VISADO-DE-ESTUDIOS-EN-ESPANA-FORSA-A-TODOS-.png\",\"width\":1000,\"height\":1000},{\"@type\":\"BreadcrumbList\",\"@id\":\"https:\\\/\\\/forsaatodos.com\\\/cursos\\\/plan-basic-visado-por-estudios-en-espana\\\/#breadcrumb\",\"itemListElement\":[{\"@type\":\"ListItem\",\"position\":1,\"name\":\"Accueil\",\"item\":\"https:\\\/\\\/forsaatodos.com\\\/\"},{\"@type\":\"ListItem\",\"position\":2,\"name\":\"Tienda\",\"item\":\"https:\\\/\\\/forsaatodos.com\\\/tienda\\\/\"},{\"@type\":\"ListItem\",\"position\":3,\"name\":\"PLAN BASIC &#8211; VISADO DE ESTUDIOS EN ESPA\u00d1A\"}]},{\"@type\":\"WebSite\",\"@id\":\"https:\\\/\\\/forsaatodos.com\\\/#website\",\"url\":\"https:\\\/\\\/forsaatodos.com\\\/\",\"name\":\"Forsa a Todos - &iexcl;Visados de Estudios en Espa&ntilde;a!\",\"description\":\"Agencia de Formaci\u00f3n en Espa\u00f1a\",\"potentialAction\":[{\"@type\":\"SearchAction\",\"target\":{\"@type\":\"EntryPoint\",\"urlTemplate\":\"https:\\\/\\\/forsaatodos.com\\\/?s={search_term_string}\"},\"query-input\":{\"@type\":\"PropertyValueSpecification\",\"valueRequired\":true,\"valueName\":\"search_term_string\"}}],\"inLanguage\":\"es\"}]}<\/script>\n<!-- \/ Yoast SEO Premium plugin. -->","yoast_head_json":{"title":"PLAN BASIC - VISADO DE ESTUDIOS EN ESPA\u00d1A - Forsa a Todos - &iexcl;Visados de Estudios en Espa&ntilde;a!","robots":{"index":"index","follow":"follow","max-snippet":"max-snippet:-1","max-image-preview":"max-image-preview:large","max-video-preview":"max-video-preview:-1"},"canonical":"https:\/\/forsaatodos.com\/cursos\/plan-basic-visado-por-estudios-en-espana\/","og_locale":"es_ES","og_type":"article","og_title":"PLAN BASIC - VISADO DE ESTUDIOS EN ESPA\u00d1A","og_description":"Asesoramiento Plan Basic para la obtenci\u00f3n de visado por estudios en Espa\u00f1a y matriculaci\u00f3n en el programa formativo con descuentos exclusivos.","og_url":"https:\/\/forsaatodos.com\/cursos\/plan-basic-visado-por-estudios-en-espana\/","og_site_name":"Forsa a Todos - &iexcl;Visados de Estudios en Espa&ntilde;a!","article_modified_time":"2025-03-14T10:33:15+00:00","og_image":[{"width":1000,"height":1000,"url":"https:\/\/forsaatodos.com\/wp-content\/uploads\/2024\/11\/VISADO-DE-ESTUDIOS-EN-ESPANA-FORSA-A-TODOS-.png","type":"image\/png"}],"twitter_card":"summary_large_image","twitter_misc":{"Tiempo de lectura":"1 minuto"},"schema":{"@context":"https:\/\/schema.org","@graph":[{"@type":"WebPage","@id":"https:\/\/forsaatodos.com\/cursos\/plan-basic-visado-por-estudios-en-espana\/","url":"https:\/\/forsaatodos.com\/cursos\/plan-basic-visado-por-estudios-en-espana\/","name":"PLAN BASIC - VISADO DE ESTUDIOS EN ESPA\u00d1A - Forsa a Todos - &iexcl;Visados de Estudios en Espa&ntilde;a!","isPartOf":{"@id":"https:\/\/forsaatodos.com\/#website"},"primaryImageOfPage":{"@id":"https:\/\/forsaatodos.com\/cursos\/plan-basic-visado-por-estudios-en-espana\/#primaryimage"},"image":{"@id":"https:\/\/forsaatodos.com\/cursos\/plan-basic-visado-por-estudios-en-espana\/#primaryimage"},"thumbnailUrl":"https:\/\/forsaatodos.com\/wp-content\/uploads\/2024\/11\/VISADO-DE-ESTUDIOS-EN-ESPANA-FORSA-A-TODOS-.png","datePublished":"2024-11-17T14:34:40+00:00","dateModified":"2025-03-14T10:33:15+00:00","breadcrumb":{"@id":"https:\/\/forsaatodos.com\/cursos\/plan-basic-visado-por-estudios-en-espana\/#breadcrumb"},"inLanguage":"es","potentialAction":[{"@type":"ReadAction","target":["https:\/\/forsaatodos.com\/cursos\/plan-basic-visado-por-estudios-en-espana\/"]}]},{"@type":"ImageObject","inLanguage":"es","@id":"https:\/\/forsaatodos.com\/cursos\/plan-basic-visado-por-estudios-en-espana\/#primaryimage","url":"https:\/\/forsaatodos.com\/wp-content\/uploads\/2024\/11\/VISADO-DE-ESTUDIOS-EN-ESPANA-FORSA-A-TODOS-.png","contentUrl":"https:\/\/forsaatodos.com\/wp-content\/uploads\/2024\/11\/VISADO-DE-ESTUDIOS-EN-ESPANA-FORSA-A-TODOS-.png","width":1000,"height":1000},{"@type":"BreadcrumbList","@id":"https:\/\/forsaatodos.com\/cursos\/plan-basic-visado-por-estudios-en-espana\/#breadcrumb","itemListElement":[{"@type":"ListItem","position":1,"name":"Accueil","item":"https:\/\/forsaatodos.com\/"},{"@type":"ListItem","position":2,"name":"Tienda","item":"https:\/\/forsaatodos.com\/tienda\/"},{"@type":"ListItem","position":3,"name":"PLAN BASIC &#8211; VISADO DE ESTUDIOS EN ESPA\u00d1A"}]},{"@type":"WebSite","@id":"https:\/\/forsaatodos.com\/#website","url":"https:\/\/forsaatodos.com\/","name":"Forsa a Todos - &iexcl;Visados de Estudios en Espa&ntilde;a!","description":"Agencia de Formaci\u00f3n en Espa\u00f1a","potentialAction":[{"@type":"SearchAction","target":{"@type":"EntryPoint","urlTemplate":"https:\/\/forsaatodos.com\/?s={search_term_string}"},"query-input":{"@type":"PropertyValueSpecification","valueRequired":true,"valueName":"search_term_string"}}],"inLanguage":"es"}]}},"_links":{"self":[{"href":"https:\/\/forsaatodos.com\/es\/wp-json\/wp\/v2\/product\/22513","targetHints":{"allow":["GET"]}}],"collection":[{"href":"https:\/\/forsaatodos.com\/es\/wp-json\/wp\/v2\/product"}],"about":[{"href":"https:\/\/forsaatodos.com\/es\/wp-json\/wp\/v2\/types\/product"}],"version-history":[{"count":5,"href":"https:\/\/forsaatodos.com\/es\/wp-json\/wp\/v2\/product\/22513\/revisions"}],"predecessor-version":[{"id":24472,"href":"https:\/\/forsaatodos.com\/es\/wp-json\/wp\/v2\/product\/22513\/revisions\/24472"}],"wp:featuredmedia":[{"embeddable":true,"href":"https:\/\/forsaatodos.com\/es\/wp-json\/wp\/v2\/media\/24467"}],"wp:attachment":[{"href":"https:\/\/forsaatodos.com\/es\/wp-json\/wp\/v2\/media?parent=22513"}],"wp:term":[{"taxonomy":"product_brand","embeddable":true,"href":"https:\/\/forsaatodos.com\/es\/wp-json\/wp\/v2\/product_brand?post=22513"},{"taxonomy":"product_cat","embeddable":true,"href":"https:\/\/forsaatodos.com\/es\/wp-json\/wp\/v2\/product_cat?post=22513"},{"taxonomy":"product_tag","embeddable":true,"href":"https:\/\/forsaatodos.com\/es\/wp-json\/wp\/v2\/product_tag?post=22513"}],"curies":[{"name":"wp","href":"https:\/\/api.w.org\/{rel}","templated":true}]}}