{"id":22495,"date":"2024-11-17T15:05:46","date_gmt":"2024-11-17T14:05:46","guid":{"rendered":"https:\/\/forsaatodos.com\/?post_type=product&#038;p=22495"},"modified":"2025-03-14T11:35:35","modified_gmt":"2025-03-14T10:35:35","slug":"preparacion-de-expediente-para-residencia-en-espana","status":"publish","type":"product","link":"https:\/\/forsaatodos.com\/es\/producto\/preparacion-de-expediente-para-residencia-en-espana\/","title":{"rendered":"PREPARACI\u00d3N DE EXPEDIENTE PARA RESIDENCIA EN ESPA\u00d1A"},"content":{"rendered":"<div class=\"elementor-price-table__header\">\n<h3 class=\"elementor-price-table__heading\">Preparaci\u00f3n de expediente<\/h3>\n<\/div>\n<div class=\"elementor-price-table__price\"><span class=\"elementor-price-table__integer-part\">250\u20ac<\/span><span class=\"elementor-price-table__period elementor-typo-excluded\">Primera Etapa<\/span><\/div>\n<ul class=\"elementor-price-table__features-list\">\n<li class=\"elementor-repeater-item-8cfd8b0\">\n<div class=\"elementor-price-table__feature-inner\"><i class=\"\" aria-hidden=\"true\"><\/i>Apertura de expediente<\/div>\n<\/li>\n<li class=\"elementor-repeater-item-7acff05\">\n<div class=\"elementor-price-table__feature-inner\"><i class=\"\" aria-hidden=\"true\"><\/i>Asesoramiento por Abogado especialista<\/div>\n<\/li>\n<li class=\"elementor-repeater-item-60f5238\">\n<div class=\"elementor-price-table__feature-inner\"><i class=\"\" aria-hidden=\"true\"><\/i>Gesti\u00f3n matr\u00edcula en centros acreditados<\/div>\n<\/li>\n<li class=\"elementor-repeater-item-0c12d6a\">\n<div class=\"elementor-price-table__feature-inner\"><i class=\"\" aria-hidden=\"true\"><\/i>Documentos paso a paso antes de viajar<\/div>\n<\/li>\n<li class=\"elementor-repeater-item-26f3efd\">\n<div class=\"elementor-price-table__feature-inner\"><i class=\"\" aria-hidden=\"true\"><\/i>Acceso al contenido Telegram privado<\/div>\n<\/li>\n<li class=\"elementor-repeater-item-269edb7\">\n<div class=\"elementor-price-table__feature-inner\"><i class=\"\" aria-hidden=\"true\"><\/i>Revisi\u00f3n documentos antes del viaje<\/div>\n<\/li>\n<\/ul>\n","protected":false},"excerpt":{"rendered":"<p>Preparaci\u00f3n de expediente para solicitud de visado y residencia por estudios en Espa\u00f1a<\/p>\n","protected":false},"featured_media":24467,"template":"","meta":[],"product_brand":[],"product_cat":[277],"product_tag":[279,282,281,280],"class_list":{"0":"post-22495","1":"product","2":"type-product","3":"status-publish","4":"has-post-thumbnail","6":"product_cat-visado-turistico","7":"product_tag-expediente-visado","8":"product_tag-visado-espana","9":"product_tag-visado-estudios","10":"product_tag-visado-turistico","12":"first","13":"instock","14":"sale","15":"virtual","16":"taxable","17":"purchasable","18":"product-type-simple"},"yoast_head":"<!-- This site is optimized with the Yoast SEO Premium plugin v22.6 (Yoast SEO v27.4) - https:\/\/yoast.com\/product\/yoast-seo-premium-wordpress\/ -->\n<title>EXPEDIENTE PARA RESIDENCIA EN ESPA\u00d1A FORSA A TODOS<\/title>\n<meta name=\"robots\" content=\"index, follow, max-snippet:-1, max-image-preview:large, max-video-preview:-1\" \/>\n<link rel=\"canonical\" href=\"https:\/\/forsaatodos.com\/cursos\/preparacion-de-expediente-para-residencia-en-espana\/\" \/>\n<meta property=\"og:locale\" content=\"es_ES\" \/>\n<meta property=\"og:type\" content=\"article\" \/>\n<meta property=\"og:title\" content=\"PREPARACI\u00d3N DE EXPEDIENTE PARA RESIDENCIA EN ESPA\u00d1A\" \/>\n<meta property=\"og:description\" content=\"Preparaci\u00f3n de expediente para solicitud de visado y residencia por estudios en Espa\u00f1a\" \/>\n<meta property=\"og:url\" content=\"https:\/\/forsaatodos.com\/cursos\/preparacion-de-expediente-para-residencia-en-espana\/\" \/>\n<meta property=\"og:site_name\" content=\"Forsa a Todos - &iexcl;Visados de Estudios en Espa&ntilde;a!\" \/>\n<meta property=\"article:modified_time\" content=\"2025-03-14T10:35:35+00:00\" \/>\n<meta property=\"og:image\" content=\"https:\/\/forsaatodos.com\/wp-content\/uploads\/2024\/11\/VISADO-DE-ESTUDIOS-EN-ESPANA-FORSA-A-TODOS-.png\" \/>\n\t<meta property=\"og:image:width\" content=\"1000\" \/>\n\t<meta property=\"og:image:height\" content=\"1000\" \/>\n\t<meta property=\"og:image:type\" content=\"image\/png\" \/>\n<meta name=\"twitter:card\" content=\"summary_large_image\" \/>\n<meta name=\"twitter:label1\" content=\"Tiempo de lectura\" \/>\n\t<meta name=\"twitter:data1\" content=\"1 minuto\" \/>\n<script type=\"application\/ld+json\" class=\"yoast-schema-graph\">{\"@context\":\"https:\\\/\\\/schema.org\",\"@graph\":[{\"@type\":\"WebPage\",\"@id\":\"https:\\\/\\\/forsaatodos.com\\\/cursos\\\/preparacion-de-expediente-para-residencia-en-espana\\\/\",\"url\":\"https:\\\/\\\/forsaatodos.com\\\/cursos\\\/preparacion-de-expediente-para-residencia-en-espana\\\/\",\"name\":\"EXPEDIENTE PARA RESIDENCIA EN ESPA\u00d1A FORSA A TODOS\",\"isPartOf\":{\"@id\":\"https:\\\/\\\/forsaatodos.com\\\/#website\"},\"primaryImageOfPage\":{\"@id\":\"https:\\\/\\\/forsaatodos.com\\\/cursos\\\/preparacion-de-expediente-para-residencia-en-espana\\\/#primaryimage\"},\"image\":{\"@id\":\"https:\\\/\\\/forsaatodos.com\\\/cursos\\\/preparacion-de-expediente-para-residencia-en-espana\\\/#primaryimage\"},\"thumbnailUrl\":\"https:\\\/\\\/forsaatodos.com\\\/wp-content\\\/uploads\\\/2024\\\/11\\\/VISADO-DE-ESTUDIOS-EN-ESPANA-FORSA-A-TODOS-.png\",\"datePublished\":\"2024-11-17T14:05:46+00:00\",\"dateModified\":\"2025-03-14T10:35:35+00:00\",\"breadcrumb\":{\"@id\":\"https:\\\/\\\/forsaatodos.com\\\/cursos\\\/preparacion-de-expediente-para-residencia-en-espana\\\/#breadcrumb\"},\"inLanguage\":\"es\",\"potentialAction\":[{\"@type\":\"ReadAction\",\"target\":[\"https:\\\/\\\/forsaatodos.com\\\/cursos\\\/preparacion-de-expediente-para-residencia-en-espana\\\/\"]}]},{\"@type\":\"ImageObject\",\"inLanguage\":\"es\",\"@id\":\"https:\\\/\\\/forsaatodos.com\\\/cursos\\\/preparacion-de-expediente-para-residencia-en-espana\\\/#primaryimage\",\"url\":\"https:\\\/\\\/forsaatodos.com\\\/wp-content\\\/uploads\\\/2024\\\/11\\\/VISADO-DE-ESTUDIOS-EN-ESPANA-FORSA-A-TODOS-.png\",\"contentUrl\":\"https:\\\/\\\/forsaatodos.com\\\/wp-content\\\/uploads\\\/2024\\\/11\\\/VISADO-DE-ESTUDIOS-EN-ESPANA-FORSA-A-TODOS-.png\",\"width\":1000,\"height\":1000},{\"@type\":\"BreadcrumbList\",\"@id\":\"https:\\\/\\\/forsaatodos.com\\\/cursos\\\/preparacion-de-expediente-para-residencia-en-espana\\\/#breadcrumb\",\"itemListElement\":[{\"@type\":\"ListItem\",\"position\":1,\"name\":\"Accueil\",\"item\":\"https:\\\/\\\/forsaatodos.com\\\/\"},{\"@type\":\"ListItem\",\"position\":2,\"name\":\"Tienda\",\"item\":\"https:\\\/\\\/forsaatodos.com\\\/tienda\\\/\"},{\"@type\":\"ListItem\",\"position\":3,\"name\":\"PREPARACI\u00d3N DE EXPEDIENTE PARA RESIDENCIA EN ESPA\u00d1A\"}]},{\"@type\":\"WebSite\",\"@id\":\"https:\\\/\\\/forsaatodos.com\\\/#website\",\"url\":\"https:\\\/\\\/forsaatodos.com\\\/\",\"name\":\"Forsa a Todos - &iexcl;Visados de Estudios en Espa&ntilde;a!\",\"description\":\"Agencia de Formaci\u00f3n en Espa\u00f1a\",\"potentialAction\":[{\"@type\":\"SearchAction\",\"target\":{\"@type\":\"EntryPoint\",\"urlTemplate\":\"https:\\\/\\\/forsaatodos.com\\\/?s={search_term_string}\"},\"query-input\":{\"@type\":\"PropertyValueSpecification\",\"valueRequired\":true,\"valueName\":\"search_term_string\"}}],\"inLanguage\":\"es\"}]}<\/script>\n<!-- \/ Yoast SEO Premium plugin. -->","yoast_head_json":{"title":"EXPEDIENTE PARA RESIDENCIA EN ESPA\u00d1A FORSA A TODOS","robots":{"index":"index","follow":"follow","max-snippet":"max-snippet:-1","max-image-preview":"max-image-preview:large","max-video-preview":"max-video-preview:-1"},"canonical":"https:\/\/forsaatodos.com\/cursos\/preparacion-de-expediente-para-residencia-en-espana\/","og_locale":"es_ES","og_type":"article","og_title":"PREPARACI\u00d3N DE EXPEDIENTE PARA RESIDENCIA EN ESPA\u00d1A","og_description":"Preparaci\u00f3n de expediente para solicitud de visado y residencia por estudios en Espa\u00f1a","og_url":"https:\/\/forsaatodos.com\/cursos\/preparacion-de-expediente-para-residencia-en-espana\/","og_site_name":"Forsa a Todos - &iexcl;Visados de Estudios en Espa&ntilde;a!","article_modified_time":"2025-03-14T10:35:35+00:00","og_image":[{"width":1000,"height":1000,"url":"https:\/\/forsaatodos.com\/wp-content\/uploads\/2024\/11\/VISADO-DE-ESTUDIOS-EN-ESPANA-FORSA-A-TODOS-.png","type":"image\/png"}],"twitter_card":"summary_large_image","twitter_misc":{"Tiempo de lectura":"1 minuto"},"schema":{"@context":"https:\/\/schema.org","@graph":[{"@type":"WebPage","@id":"https:\/\/forsaatodos.com\/cursos\/preparacion-de-expediente-para-residencia-en-espana\/","url":"https:\/\/forsaatodos.com\/cursos\/preparacion-de-expediente-para-residencia-en-espana\/","name":"EXPEDIENTE PARA RESIDENCIA EN ESPA\u00d1A FORSA A TODOS","isPartOf":{"@id":"https:\/\/forsaatodos.com\/#website"},"primaryImageOfPage":{"@id":"https:\/\/forsaatodos.com\/cursos\/preparacion-de-expediente-para-residencia-en-espana\/#primaryimage"},"image":{"@id":"https:\/\/forsaatodos.com\/cursos\/preparacion-de-expediente-para-residencia-en-espana\/#primaryimage"},"thumbnailUrl":"https:\/\/forsaatodos.com\/wp-content\/uploads\/2024\/11\/VISADO-DE-ESTUDIOS-EN-ESPANA-FORSA-A-TODOS-.png","datePublished":"2024-11-17T14:05:46+00:00","dateModified":"2025-03-14T10:35:35+00:00","breadcrumb":{"@id":"https:\/\/forsaatodos.com\/cursos\/preparacion-de-expediente-para-residencia-en-espana\/#breadcrumb"},"inLanguage":"es","potentialAction":[{"@type":"ReadAction","target":["https:\/\/forsaatodos.com\/cursos\/preparacion-de-expediente-para-residencia-en-espana\/"]}]},{"@type":"ImageObject","inLanguage":"es","@id":"https:\/\/forsaatodos.com\/cursos\/preparacion-de-expediente-para-residencia-en-espana\/#primaryimage","url":"https:\/\/forsaatodos.com\/wp-content\/uploads\/2024\/11\/VISADO-DE-ESTUDIOS-EN-ESPANA-FORSA-A-TODOS-.png","contentUrl":"https:\/\/forsaatodos.com\/wp-content\/uploads\/2024\/11\/VISADO-DE-ESTUDIOS-EN-ESPANA-FORSA-A-TODOS-.png","width":1000,"height":1000},{"@type":"BreadcrumbList","@id":"https:\/\/forsaatodos.com\/cursos\/preparacion-de-expediente-para-residencia-en-espana\/#breadcrumb","itemListElement":[{"@type":"ListItem","position":1,"name":"Accueil","item":"https:\/\/forsaatodos.com\/"},{"@type":"ListItem","position":2,"name":"Tienda","item":"https:\/\/forsaatodos.com\/tienda\/"},{"@type":"ListItem","position":3,"name":"PREPARACI\u00d3N DE EXPEDIENTE PARA RESIDENCIA EN ESPA\u00d1A"}]},{"@type":"WebSite","@id":"https:\/\/forsaatodos.com\/#website","url":"https:\/\/forsaatodos.com\/","name":"Forsa a Todos - &iexcl;Visados de Estudios en Espa&ntilde;a!","description":"Agencia de Formaci\u00f3n en Espa\u00f1a","potentialAction":[{"@type":"SearchAction","target":{"@type":"EntryPoint","urlTemplate":"https:\/\/forsaatodos.com\/?s={search_term_string}"},"query-input":{"@type":"PropertyValueSpecification","valueRequired":true,"valueName":"search_term_string"}}],"inLanguage":"es"}]}},"_links":{"self":[{"href":"https:\/\/forsaatodos.com\/es\/wp-json\/wp\/v2\/product\/22495","targetHints":{"allow":["GET"]}}],"collection":[{"href":"https:\/\/forsaatodos.com\/es\/wp-json\/wp\/v2\/product"}],"about":[{"href":"https:\/\/forsaatodos.com\/es\/wp-json\/wp\/v2\/types\/product"}],"version-history":[{"count":2,"href":"https:\/\/forsaatodos.com\/es\/wp-json\/wp\/v2\/product\/22495\/revisions"}],"predecessor-version":[{"id":22498,"href":"https:\/\/forsaatodos.com\/es\/wp-json\/wp\/v2\/product\/22495\/revisions\/22498"}],"wp:featuredmedia":[{"embeddable":true,"href":"https:\/\/forsaatodos.com\/es\/wp-json\/wp\/v2\/media\/24467"}],"wp:attachment":[{"href":"https:\/\/forsaatodos.com\/es\/wp-json\/wp\/v2\/media?parent=22495"}],"wp:term":[{"taxonomy":"product_brand","embeddable":true,"href":"https:\/\/forsaatodos.com\/es\/wp-json\/wp\/v2\/product_brand?post=22495"},{"taxonomy":"product_cat","embeddable":true,"href":"https:\/\/forsaatodos.com\/es\/wp-json\/wp\/v2\/product_cat?post=22495"},{"taxonomy":"product_tag","embeddable":true,"href":"https:\/\/forsaatodos.com\/es\/wp-json\/wp\/v2\/product_tag?post=22495"}],"curies":[{"name":"wp","href":"https:\/\/api.w.org\/{rel}","templated":true}]}}