{"id":21919,"date":"2024-11-02T13:19:58","date_gmt":"2024-11-02T12:19:58","guid":{"rendered":"https:\/\/forsaatodos.com\/?page_id=21919"},"modified":"2025-04-11T16:30:29","modified_gmt":"2025-04-11T14:30:29","slug":"contacta-con-forsa-a-todos","status":"publish","type":"page","link":"https:\/\/forsaatodos.com\/es\/contacta-con-forsa-a-todos\/","title":{"rendered":"CONTACTA CON FORSA A TODOS"},"content":{"rendered":"\t\t<div data-elementor-type=\"wp-page\" data-elementor-id=\"21919\" class=\"elementor elementor-21919\">\n\t\t\t\t\t\t<section data-ka-cursor-size=\"1\" class=\"elementor-section elementor-top-section elementor-element elementor-element-69fec63 elementor-section-content-middle elementor-section-boxed elementor-section-height-default elementor-section-height-default\" data-id=\"69fec63\" data-element_type=\"section\" data-e-type=\"section\" data-settings=\"{&quot;kng_cursor_interaction&quot;:&quot;default&quot;,&quot;kng_cursor_magnetic&quot;:&quot;none&quot;,&quot;kng_cursor_size_multiplier&quot;:{&quot;unit&quot;:&quot;px&quot;,&quot;size&quot;:1,&quot;sizes&quot;:[]}}\">\n\t\t\t\t\t\t<div class=\"elementor-container elementor-column-gap-no\">\n\t\t\t\t\t<div data-ka-cursor-size=\"1\" class=\"elementor-column elementor-col-50 elementor-top-column elementor-element elementor-element-735bc9f\" data-id=\"735bc9f\" data-element_type=\"column\" data-e-type=\"column\" data-settings=\"{&quot;kng_cursor_interaction&quot;:&quot;default&quot;,&quot;kng_cursor_magnetic&quot;:&quot;none&quot;,&quot;kng_cursor_size_multiplier&quot;:{&quot;unit&quot;:&quot;px&quot;,&quot;size&quot;:1,&quot;sizes&quot;:[]}}\">\n\t\t\t<div class=\"elementor-widget-wrap elementor-element-populated\">\n\t\t\t\t\t\t<div data-ka-cursor-size=\"1\" class=\"elementor-element elementor-element-97a2371 elementor-widget elementor-widget-heading\" data-id=\"97a2371\" data-element_type=\"widget\" data-e-type=\"widget\" data-settings=\"{&quot;kng_cursor_interaction&quot;:&quot;default&quot;,&quot;kng_cursor_magnetic&quot;:&quot;none&quot;,&quot;kng_cursor_size_multiplier&quot;:{&quot;unit&quot;:&quot;px&quot;,&quot;size&quot;:1,&quot;sizes&quot;:[]}}\" data-widget_type=\"heading.default\">\n\t\t\t\t<div class=\"elementor-widget-container\">\n\t\t\t\t\t<h3 class=\"elementor-heading-title elementor-size-default\">ESTUDIA EN ESPA\u00d1A CON NOSOTROS<\/h3>\t\t\t\t<\/div>\n\t\t\t\t<\/div>\n\t\t\t\t<div data-ka-cursor-size=\"1\" class=\"elementor-element elementor-element-1ccbf5f elementor-widget elementor-widget-heading\" data-id=\"1ccbf5f\" data-element_type=\"widget\" data-e-type=\"widget\" data-settings=\"{&quot;kng_cursor_interaction&quot;:&quot;default&quot;,&quot;kng_cursor_magnetic&quot;:&quot;none&quot;,&quot;kng_cursor_size_multiplier&quot;:{&quot;unit&quot;:&quot;px&quot;,&quot;size&quot;:1,&quot;sizes&quot;:[]}}\" data-widget_type=\"heading.default\">\n\t\t\t\t<div class=\"elementor-widget-container\">\n\t\t\t\t\t<h4 class=\"elementor-heading-title elementor-size-default\">Contacto<\/h4>\t\t\t\t<\/div>\n\t\t\t\t<\/div>\n\t\t\t\t<div data-ka-cursor-size=\"1\" class=\"elementor-element elementor-element-26c6a35 e-grid-align-mobile-center e-grid-align-left elementor-shape-rounded elementor-grid-0 elementor-widget elementor-widget-social-icons\" data-id=\"26c6a35\" data-element_type=\"widget\" data-e-type=\"widget\" data-settings=\"{&quot;kng_cursor_interaction&quot;:&quot;default&quot;,&quot;kng_cursor_magnetic&quot;:&quot;none&quot;,&quot;kng_cursor_size_multiplier&quot;:{&quot;unit&quot;:&quot;px&quot;,&quot;size&quot;:1,&quot;sizes&quot;:[]}}\" data-widget_type=\"social-icons.default\">\n\t\t\t\t<div class=\"elementor-widget-container\">\n\t\t\t\t\t\t\t<div class=\"elementor-social-icons-wrapper elementor-grid\" role=\"list\">\n\t\t\t\t\t\t\t<span class=\"elementor-grid-item\" role=\"listitem\">\n\t\t\t\t\t<a class=\"elementor-icon elementor-social-icon elementor-social-icon-instagram elementor-repeater-item-d2d5c50\" href=\"https:\/\/www.instagram.com\/forsaatodos\/\" target=\"_blank\">\n\t\t\t\t\t\t<span class=\"elementor-screen-only\">Instagram<\/span>\n\t\t\t\t\t\t<i aria-hidden=\"true\" class=\"fab fa-instagram\"><\/i>\t\t\t\t\t<\/a>\n\t\t\t\t<\/span>\n\t\t\t\t\t\t\t<span class=\"elementor-grid-item\" role=\"listitem\">\n\t\t\t\t\t<a class=\"elementor-icon elementor-social-icon elementor-social-icon-facebook-f elementor-repeater-item-0267196\" href=\"https:\/\/www.facebook.com\/forsaatodos\" target=\"_blank\">\n\t\t\t\t\t\t<span class=\"elementor-screen-only\">Facebook-f<\/span>\n\t\t\t\t\t\t<i aria-hidden=\"true\" class=\"fab fa-facebook-f\"><\/i>\t\t\t\t\t<\/a>\n\t\t\t\t<\/span>\n\t\t\t\t\t\t\t<span class=\"elementor-grid-item\" role=\"listitem\">\n\t\t\t\t\t<a class=\"elementor-icon elementor-social-icon elementor-social-icon-youtube elementor-repeater-item-dbaeb71\" href=\"https:\/\/www.youtube.com\/channel\/UClYmjATZgOZZ3cujZ-jNUPg\" target=\"_blank\">\n\t\t\t\t\t\t<span class=\"elementor-screen-only\">Youtube<\/span>\n\t\t\t\t\t\t<i aria-hidden=\"true\" class=\"fab fa-youtube\"><\/i>\t\t\t\t\t<\/a>\n\t\t\t\t<\/span>\n\t\t\t\t\t<\/div>\n\t\t\t\t\t\t<\/div>\n\t\t\t\t<\/div>\n\t\t\t\t<div data-ka-cursor-size=\"1\" class=\"elementor-element elementor-element-fcaaeb8 elementor-tablet-align-start elementor-hidden-tablet elementor-icon-list--layout-traditional elementor-list-item-link-full_width elementor-widget elementor-widget-icon-list\" data-id=\"fcaaeb8\" data-element_type=\"widget\" data-e-type=\"widget\" data-settings=\"{&quot;kng_cursor_interaction&quot;:&quot;default&quot;,&quot;kng_cursor_magnetic&quot;:&quot;none&quot;,&quot;kng_cursor_size_multiplier&quot;:{&quot;unit&quot;:&quot;px&quot;,&quot;size&quot;:1,&quot;sizes&quot;:[]}}\" data-widget_type=\"icon-list.default\">\n\t\t\t\t<div class=\"elementor-widget-container\">\n\t\t\t\t\t\t\t<ul class=\"elementor-icon-list-items\">\n\t\t\t\t\t\t\t<li class=\"elementor-icon-list-item\">\n\t\t\t\t\t\t\t\t\t\t\t<a href=\"https:\/\/wa.me\/34600575495\">\n\n\t\t\t\t\t\t\t\t\t\t\t\t<span class=\"elementor-icon-list-icon\">\n\t\t\t\t\t\t\t<i aria-hidden=\"true\" class=\"fab fa-whatsapp\"><\/i>\t\t\t\t\t\t<\/span>\n\t\t\t\t\t\t\t\t\t\t<span class=\"elementor-icon-list-text\">+34 6666 53 280<\/span>\n\t\t\t\t\t\t\t\t\t\t\t<\/a>\n\t\t\t\t\t\t\t\t\t<\/li>\n\t\t\t\t\t\t\t\t<li class=\"elementor-icon-list-item\">\n\t\t\t\t\t\t\t\t\t\t\t<span class=\"elementor-icon-list-icon\">\n\t\t\t\t\t\t\t<i aria-hidden=\"true\" class=\"fas fa-envelope\"><\/i>\t\t\t\t\t\t<\/span>\n\t\t\t\t\t\t\t\t\t\t<span class=\"elementor-icon-list-text\">info@forsaatodos.com<\/span>\n\t\t\t\t\t\t\t\t\t<\/li>\n\t\t\t\t\t\t<\/ul>\n\t\t\t\t\t\t<\/div>\n\t\t\t\t<\/div>\n\t\t\t\t<div data-ka-cursor-size=\"1\" class=\"elementor-element elementor-element-7dd5cb4 elementor-tablet-align-start elementor-hidden-tablet elementor-icon-list--layout-traditional elementor-list-item-link-full_width elementor-widget elementor-widget-icon-list\" data-id=\"7dd5cb4\" data-element_type=\"widget\" data-e-type=\"widget\" data-settings=\"{&quot;kng_cursor_interaction&quot;:&quot;default&quot;,&quot;kng_cursor_magnetic&quot;:&quot;none&quot;,&quot;kng_cursor_size_multiplier&quot;:{&quot;unit&quot;:&quot;px&quot;,&quot;size&quot;:1,&quot;sizes&quot;:[]}}\" data-widget_type=\"icon-list.default\">\n\t\t\t\t<div class=\"elementor-widget-container\">\n\t\t\t\t\t\t\t<ul class=\"elementor-icon-list-items\">\n\t\t\t\t\t\t\t<li class=\"elementor-icon-list-item\">\n\t\t\t\t\t\t\t\t\t\t\t<span class=\"elementor-icon-list-icon\">\n\t\t\t\t\t\t\t<i aria-hidden=\"true\" class=\"fas fa-map-marker-alt\"><\/i>\t\t\t\t\t\t<\/span>\n\t\t\t\t\t\t\t\t\t\t<span class=\"elementor-icon-list-text\">21 Rue Ibn Marhal R\u00e9sidence Rennee \u00e9tage 7 Appaartement 15 Tanger\/Maroc.<\/span>\n\t\t\t\t\t\t\t\t\t<\/li>\n\t\t\t\t\t\t<\/ul>\n\t\t\t\t\t\t<\/div>\n\t\t\t\t<\/div>\n\t\t\t\t<div data-ka-cursor-size=\"1\" class=\"elementor-element elementor-element-0752cf0 elementor-tablet-align-start elementor-hidden-tablet elementor-icon-list--layout-traditional elementor-list-item-link-full_width elementor-widget elementor-widget-icon-list\" data-id=\"0752cf0\" data-element_type=\"widget\" data-e-type=\"widget\" data-settings=\"{&quot;kng_cursor_interaction&quot;:&quot;default&quot;,&quot;kng_cursor_magnetic&quot;:&quot;none&quot;,&quot;kng_cursor_size_multiplier&quot;:{&quot;unit&quot;:&quot;px&quot;,&quot;size&quot;:1,&quot;sizes&quot;:[]}}\" data-widget_type=\"icon-list.default\">\n\t\t\t\t<div class=\"elementor-widget-container\">\n\t\t\t\t\t\t\t<ul class=\"elementor-icon-list-items\">\n\t\t\t\t\t\t\t<li class=\"elementor-icon-list-item\">\n\t\t\t\t\t\t\t\t\t\t\t<span class=\"elementor-icon-list-icon\">\n\t\t\t\t\t\t\t<i aria-hidden=\"true\" class=\"fas fa-map-marker-alt\"><\/i>\t\t\t\t\t\t<\/span>\n\t\t\t\t\t\t\t\t\t\t<span class=\"elementor-icon-list-text\">C\/ Justa Goicoechea N\u00ba 1, Escalera A, 1\u00aa planta, L\u2019Hospitalet de Llobregat - Barcelona \/ ESPA\u00d1A<\/span>\n\t\t\t\t\t\t\t\t\t<\/li>\n\t\t\t\t\t\t<\/ul>\n\t\t\t\t\t\t<\/div>\n\t\t\t\t<\/div>\n\t\t\t\t\t<\/div>\n\t\t<\/div>\n\t\t\t\t<div data-ka-cursor-size=\"1\" class=\"elementor-column elementor-col-50 elementor-top-column elementor-element elementor-element-d998e14\" data-id=\"d998e14\" data-element_type=\"column\" data-e-type=\"column\" data-settings=\"{&quot;kng_cursor_interaction&quot;:&quot;default&quot;,&quot;kng_cursor_magnetic&quot;:&quot;none&quot;,&quot;kng_cursor_size_multiplier&quot;:{&quot;unit&quot;:&quot;px&quot;,&quot;size&quot;:1,&quot;sizes&quot;:[]}}\">\n\t\t\t<div class=\"elementor-widget-wrap elementor-element-populated\">\n\t\t\t\t\t\t<div data-ka-cursor-size=\"1\" class=\"elementor-element elementor-element-f68d2c5 elementor-button-align-start elementor-widget elementor-widget-form\" data-id=\"f68d2c5\" data-element_type=\"widget\" data-e-type=\"widget\" data-settings=\"{&quot;step_next_label&quot;:&quot;Siguiente&quot;,&quot;step_previous_label&quot;:&quot;Anterior&quot;,&quot;button_width&quot;:&quot;100&quot;,&quot;step_type&quot;:&quot;number_text&quot;,&quot;step_icon_shape&quot;:&quot;circle&quot;,&quot;kng_cursor_interaction&quot;:&quot;default&quot;,&quot;kng_cursor_magnetic&quot;:&quot;none&quot;,&quot;kng_cursor_size_multiplier&quot;:{&quot;unit&quot;:&quot;px&quot;,&quot;size&quot;:1,&quot;sizes&quot;:[]}}\" data-widget_type=\"form.default\">\n\t\t\t\t<div class=\"elementor-widget-container\">\n\t\t\t\t\t\t\t<form class=\"elementor-form\" method=\"post\" name=\"New Form\">\n\t\t\t<input type=\"hidden\" name=\"post_id\" value=\"21919\"\/>\n\t\t\t<input type=\"hidden\" name=\"form_id\" value=\"f68d2c5\"\/>\n\t\t\t<input type=\"hidden\" name=\"referer_title\" value=\"Forsa a Todos &#8211; &iexcl;Visados de Estudios en Espa&ntilde;a!\" \/>\n\n\t\t\t\n\t\t\t<div class=\"elementor-form-fields-wrapper elementor-labels-\">\n\t\t\t\t\t\t\t\t<div class=\"elementor-field-type-text elementor-field-group elementor-column elementor-field-group-name elementor-col-100 elementor-field-required\">\n\t\t\t\t\t\t\t\t\t\t\t\t<label for=\"form-field-name\" class=\"elementor-field-label elementor-screen-only\">\n\t\t\t\t\t\t\t\tNombre\t\t\t\t\t\t\t<\/label>\n\t\t\t\t\t\t\t\t\t\t\t\t\t\t<input size=\"1\" type=\"text\" name=\"form_fields[name]\" id=\"form-field-name\" class=\"elementor-field elementor-size-sm  elementor-field-textual\" placeholder=\"Nombre*\" required=\"required\" aria-required=\"true\">\n\t\t\t\t\t\t\t\t\t\t\t<\/div>\n\t\t\t\t\t\t\t\t<div class=\"elementor-field-type-email elementor-field-group elementor-column elementor-field-group-email elementor-col-100 elementor-field-required\">\n\t\t\t\t\t\t\t\t\t\t\t\t<label for=\"form-field-email\" class=\"elementor-field-label elementor-screen-only\">\n\t\t\t\t\t\t\t\tEmail\t\t\t\t\t\t\t<\/label>\n\t\t\t\t\t\t\t\t\t\t\t\t\t\t<input size=\"1\" type=\"email\" name=\"form_fields[email]\" id=\"form-field-email\" class=\"elementor-field elementor-size-sm  elementor-field-textual\" placeholder=\"Email*\" required=\"required\" aria-required=\"true\">\n\t\t\t\t\t\t\t\t\t\t\t<\/div>\n\t\t\t\t\t\t\t\t<div class=\"elementor-field-type-tel elementor-field-group elementor-column elementor-field-group-field_ee9bc02 elementor-col-100 elementor-field-required\">\n\t\t\t\t\t\t\t\t\t\t\t\t<label for=\"form-field-field_ee9bc02\" class=\"elementor-field-label elementor-screen-only\">\n\t\t\t\t\t\t\t\tTel\u00e9fono\t\t\t\t\t\t\t<\/label>\n\t\t\t\t\t\t\t\t<input size=\"1\" type=\"tel\" name=\"form_fields[field_ee9bc02]\" id=\"form-field-field_ee9bc02\" class=\"elementor-field elementor-size-sm  elementor-field-textual\" placeholder=\"Tel\u00e9fono*\" required=\"required\" aria-required=\"true\" pattern=\"[0-9()#&amp;+*-=.]+\" title=\"Solo se aceptan n\u00fameros y caracteres de tel\u00e9fono (#,-,*,etc).\">\n\n\t\t\t\t\t\t<\/div>\n\t\t\t\t\t\t\t\t<div class=\"elementor-field-type-textarea elementor-field-group elementor-column elementor-field-group-message elementor-col-100\">\n\t\t\t\t\t\t\t\t\t\t\t\t<label for=\"form-field-message\" class=\"elementor-field-label elementor-screen-only\">\n\t\t\t\t\t\t\t\tMensaje\t\t\t\t\t\t\t<\/label>\n\t\t\t\t\t\t<textarea class=\"elementor-field-textual elementor-field  elementor-size-sm\" name=\"form_fields[message]\" id=\"form-field-message\" rows=\"4\" placeholder=\"Mensaje\"><\/textarea>\t\t\t\t<\/div>\n\t\t\t\t\t\t\t\t<div class=\"elementor-field-type-acceptance elementor-field-group elementor-column elementor-field-group-field_351e286 elementor-col-100\">\n\t\t\t\t\t\t\t\t\t\t\t\t<label for=\"form-field-field_351e286\" class=\"elementor-field-label elementor-screen-only\">\n\t\t\t\t\t\t\t\tLOPD\t\t\t\t\t\t\t<\/label>\n\t\t\t\t\t\t\t\t<div class=\"elementor-field-subgroup\">\n\t\t\t<span class=\"elementor-field-option\">\n\t\t\t\t<input type=\"checkbox\" name=\"form_fields[field_351e286]\" id=\"form-field-field_351e286\" class=\"elementor-field elementor-size-sm  elementor-acceptance-field\">\n\t\t\t\t<label for=\"form-field-field_351e286\">Acepto la pol\u00edtica de privacidad y tratamiento de mis datos<\/label>\t\t\t<\/span>\n\t\t<\/div>\n\t\t\t\t\t\t<\/div>\n\t\t\t\t\t\t\t\t<div class=\"elementor-field-group elementor-column elementor-field-type-submit elementor-col-100 e-form__buttons\">\n\t\t\t\t\t<button type=\"submit\" class=\"elementor-button elementor-size-sm elementor-animation-grow\">\n\t\t\t\t\t\t<span >\n\t\t\t\t\t\t\t\t\t\t\t\t\t\t\t<span class=\"elementor-align-icon-right elementor-button-icon\">\n\t\t\t\t\t\t\t\t\t<i aria-hidden=\"true\" class=\"fas fa-long-arrow-alt-right\"><\/i>\t\t\t\t\t\t\t\t\t\t\t\t\t\t\t\t\t<\/span>\n\t\t\t\t\t\t\t\t\t\t\t\t\t\t\t\t\t\t\t\t\t\t<span class=\"elementor-button-text\">ENVIAR MENSAJE<\/span>\n\t\t\t\t\t\t\t\t\t\t\t\t\t<\/span>\n\t\t\t\t\t<\/button>\n\t\t\t\t<\/div>\n\t\t\t<\/div>\n\t\t<\/form>\n\t\t\t\t\t\t<\/div>\n\t\t\t\t<\/div>\n\t\t\t\t\t<\/div>\n\t\t<\/div>\n\t\t\t\t\t<\/div>\n\t\t<\/section>\n\t\t\t\t<section data-ka-cursor-size=\"1\" class=\"elementor-section elementor-top-section elementor-element elementor-element-f0dfdbf elementor-section-boxed elementor-section-height-default elementor-section-height-default\" data-id=\"f0dfdbf\" data-element_type=\"section\" data-e-type=\"section\" data-settings=\"{&quot;kng_cursor_interaction&quot;:&quot;default&quot;,&quot;kng_cursor_magnetic&quot;:&quot;none&quot;,&quot;kng_cursor_size_multiplier&quot;:{&quot;unit&quot;:&quot;px&quot;,&quot;size&quot;:1,&quot;sizes&quot;:[]}}\">\n\t\t\t\t\t\t<div class=\"elementor-container elementor-column-gap-default\">\n\t\t\t\t\t<div data-ka-cursor-size=\"1\" class=\"elementor-column elementor-col-50 elementor-top-column elementor-element elementor-element-4163fac\" data-id=\"4163fac\" data-element_type=\"column\" data-e-type=\"column\" data-settings=\"{&quot;kng_cursor_interaction&quot;:&quot;default&quot;,&quot;kng_cursor_magnetic&quot;:&quot;none&quot;,&quot;kng_cursor_size_multiplier&quot;:{&quot;unit&quot;:&quot;px&quot;,&quot;size&quot;:1,&quot;sizes&quot;:[]}}\">\n\t\t\t<div class=\"elementor-widget-wrap elementor-element-populated\">\n\t\t\t\t\t\t<div data-ka-cursor-size=\"1\" class=\"elementor-element elementor-element-8122806 elementor-widget elementor-widget-google_maps\" data-id=\"8122806\" data-element_type=\"widget\" data-e-type=\"widget\" data-settings=\"{&quot;kng_cursor_interaction&quot;:&quot;default&quot;,&quot;kng_cursor_magnetic&quot;:&quot;none&quot;,&quot;kng_cursor_size_multiplier&quot;:{&quot;unit&quot;:&quot;px&quot;,&quot;size&quot;:1,&quot;sizes&quot;:[]}}\" data-widget_type=\"google_maps.default\">\n\t\t\t\t<div class=\"elementor-widget-container\">\n\t\t\t\t\t\t\t<div class=\"elementor-custom-embed\">\n\t\t\t<iframe loading=\"lazy\"\n\t\t\t\t\tsrc=\"https:\/\/maps.google.com\/maps?q=21%20Rue%20Ibn%20Marhal%20R%C3%A9sidence%20Rennee%20%C3%A9tage%207%20Appaartement%2015%20Tanger%2FMaroc.&#038;t=m&#038;z=15&#038;output=embed&#038;iwloc=near\"\n\t\t\t\t\ttitle=\"21 Rue Ibn Marhal R\u00e9sidence Rennee \u00e9tage 7 Appaartement 15 Tanger\/Maroc.\"\n\t\t\t\t\taria-label=\"21 Rue Ibn Marhal R\u00e9sidence Rennee \u00e9tage 7 Appaartement 15 Tanger\/Maroc.\"\n\t\t\t><\/iframe>\n\t\t<\/div>\n\t\t\t\t\t\t<\/div>\n\t\t\t\t<\/div>\n\t\t\t\t\t<\/div>\n\t\t<\/div>\n\t\t\t\t<div data-ka-cursor-size=\"1\" class=\"elementor-column elementor-col-50 elementor-top-column elementor-element elementor-element-a247cac\" data-id=\"a247cac\" data-element_type=\"column\" data-e-type=\"column\" data-settings=\"{&quot;kng_cursor_interaction&quot;:&quot;default&quot;,&quot;kng_cursor_magnetic&quot;:&quot;none&quot;,&quot;kng_cursor_size_multiplier&quot;:{&quot;unit&quot;:&quot;px&quot;,&quot;size&quot;:1,&quot;sizes&quot;:[]}}\">\n\t\t\t<div class=\"elementor-widget-wrap elementor-element-populated\">\n\t\t\t\t\t\t<div data-ka-cursor-size=\"1\" class=\"elementor-element elementor-element-0d93845 elementor-widget elementor-widget-google_maps\" data-id=\"0d93845\" data-element_type=\"widget\" data-e-type=\"widget\" data-settings=\"{&quot;kng_cursor_interaction&quot;:&quot;default&quot;,&quot;kng_cursor_magnetic&quot;:&quot;none&quot;,&quot;kng_cursor_size_multiplier&quot;:{&quot;unit&quot;:&quot;px&quot;,&quot;size&quot;:1,&quot;sizes&quot;:[]}}\" data-widget_type=\"google_maps.default\">\n\t\t\t\t<div class=\"elementor-widget-container\">\n\t\t\t\t\t\t\t<div class=\"elementor-custom-embed\">\n\t\t\t<iframe loading=\"lazy\"\n\t\t\t\t\tsrc=\"https:\/\/maps.google.com\/maps?q=C%2F%20Justa%20Goicoechea%20N%C2%BA%201%2C%20Escalera%20A%2C%201%C2%AA%20planta%2C%20L%E2%80%99Hospitalet%20de%20Llobregat%20-%20Barcelona%20%2F%20ESPA%C3%91A&#038;t=m&#038;z=15&#038;output=embed&#038;iwloc=near\"\n\t\t\t\t\ttitle=\"C\/ Justa Goicoechea N\u00ba 1, Escalera A, 1\u00aa planta, L\u2019Hospitalet de Llobregat - Barcelona \/ ESPA\u00d1A\"\n\t\t\t\t\taria-label=\"C\/ Justa Goicoechea N\u00ba 1, Escalera A, 1\u00aa planta, L\u2019Hospitalet de Llobregat - Barcelona \/ ESPA\u00d1A\"\n\t\t\t><\/iframe>\n\t\t<\/div>\n\t\t\t\t\t\t<\/div>\n\t\t\t\t<\/div>\n\t\t\t\t\t<\/div>\n\t\t<\/div>\n\t\t\t\t\t<\/div>\n\t\t<\/section>\n\t\t\t\t<\/div>\n\t\t","protected":false},"excerpt":{"rendered":"<p>ESTUDIA EN ESPA\u00d1A CON NOSOTROS Contacto Instagram Facebook-f Youtube +34 6666 53 280 info@forsaatodos.com 21 Rue Ibn Marhal R\u00e9sidence Rennee \u00e9tage 7 Appaartement 15 Tanger\/Maroc. C\/ Justa Goicoechea N\u00ba 1, Escalera A, 1\u00aa planta, L\u2019Hospitalet de Llobregat &#8211; Barcelona \/ ESPA\u00d1A<\/p>\n","protected":false},"author":3,"featured_media":0,"parent":0,"menu_order":0,"comment_status":"closed","ping_status":"closed","template":"","meta":{"footnotes":""},"class_list":["post-21919","page","type-page","status-publish","hentry"],"yoast_head":"<!-- This site is optimized with the Yoast SEO Premium plugin v22.6 (Yoast SEO v27.6) - https:\/\/yoast.com\/product\/yoast-seo-premium-wordpress\/ -->\n<title>CONTACTA CON FORSA A TODOS - Forsa a Todos - &iexcl;Visados de Estudios en Espa&ntilde;a!<\/title>\n<meta name=\"robots\" content=\"index, follow, max-snippet:-1, max-image-preview:large, max-video-preview:-1\" \/>\n<link rel=\"canonical\" href=\"https:\/\/forsaatodos.com\/contacta-con-forsa-a-todos\/\" \/>\n<meta property=\"og:locale\" content=\"es_ES\" \/>\n<meta property=\"og:type\" content=\"article\" \/>\n<meta property=\"og:title\" content=\"CONTACTA CON FORSA A TODOS\" \/>\n<meta property=\"og:description\" content=\"ESTUDIA EN ESPA\u00d1A CON NOSOTROS Contacto Instagram Facebook-f Youtube +34 6666 53 280 info@forsaatodos.com 21 Rue Ibn Marhal R\u00e9sidence Rennee \u00e9tage 7 Appaartement 15 Tanger\/Maroc. C\/ Justa Goicoechea N\u00ba 1, Escalera A, 1\u00aa planta, L\u2019Hospitalet de Llobregat &#8211; Barcelona \/ ESPA\u00d1A\" \/>\n<meta property=\"og:url\" content=\"https:\/\/forsaatodos.com\/contacta-con-forsa-a-todos\/\" \/>\n<meta property=\"og:site_name\" content=\"Forsa a Todos - &iexcl;Visados de Estudios en Espa&ntilde;a!\" \/>\n<meta property=\"article:modified_time\" content=\"2025-04-11T14:30:29+00:00\" \/>\n<meta name=\"twitter:card\" content=\"summary_large_image\" \/>\n<meta name=\"twitter:label1\" content=\"Tiempo de lectura\" \/>\n\t<meta name=\"twitter:data1\" content=\"1 minuto\" \/>\n<script type=\"application\/ld+json\" class=\"yoast-schema-graph\">{\"@context\":\"https:\\\/\\\/schema.org\",\"@graph\":[{\"@type\":\"WebPage\",\"@id\":\"https:\\\/\\\/forsaatodos.com\\\/contacta-con-forsa-a-todos\\\/\",\"url\":\"https:\\\/\\\/forsaatodos.com\\\/contacta-con-forsa-a-todos\\\/\",\"name\":\"CONTACTA CON FORSA A TODOS - Forsa a Todos - &iexcl;Visados de Estudios en Espa&ntilde;a!\",\"isPartOf\":{\"@id\":\"https:\\\/\\\/forsaatodos.com\\\/#website\"},\"datePublished\":\"2024-11-02T12:19:58+00:00\",\"dateModified\":\"2025-04-11T14:30:29+00:00\",\"breadcrumb\":{\"@id\":\"https:\\\/\\\/forsaatodos.com\\\/contacta-con-forsa-a-todos\\\/#breadcrumb\"},\"inLanguage\":\"es\",\"potentialAction\":[{\"@type\":\"ReadAction\",\"target\":[\"https:\\\/\\\/forsaatodos.com\\\/contacta-con-forsa-a-todos\\\/\"]}]},{\"@type\":\"BreadcrumbList\",\"@id\":\"https:\\\/\\\/forsaatodos.com\\\/contacta-con-forsa-a-todos\\\/#breadcrumb\",\"itemListElement\":[{\"@type\":\"ListItem\",\"position\":1,\"name\":\"Accueil\",\"item\":\"https:\\\/\\\/forsaatodos.com\\\/\"},{\"@type\":\"ListItem\",\"position\":2,\"name\":\"CONTACTA CON FORSA A TODOS\"}]},{\"@type\":\"WebSite\",\"@id\":\"https:\\\/\\\/forsaatodos.com\\\/#website\",\"url\":\"https:\\\/\\\/forsaatodos.com\\\/\",\"name\":\"Forsa a Todos - &iexcl;Visados de Estudios en Espa&ntilde;a!\",\"description\":\"Agencia de Formaci\u00f3n en Espa\u00f1a\",\"potentialAction\":[{\"@type\":\"SearchAction\",\"target\":{\"@type\":\"EntryPoint\",\"urlTemplate\":\"https:\\\/\\\/forsaatodos.com\\\/?s={search_term_string}\"},\"query-input\":{\"@type\":\"PropertyValueSpecification\",\"valueRequired\":true,\"valueName\":\"search_term_string\"}}],\"inLanguage\":\"es\"}]}<\/script>\n<!-- \/ Yoast SEO Premium plugin. -->","yoast_head_json":{"title":"CONTACTA CON FORSA A TODOS - Forsa a Todos - &iexcl;Visados de Estudios en Espa&ntilde;a!","robots":{"index":"index","follow":"follow","max-snippet":"max-snippet:-1","max-image-preview":"max-image-preview:large","max-video-preview":"max-video-preview:-1"},"canonical":"https:\/\/forsaatodos.com\/contacta-con-forsa-a-todos\/","og_locale":"es_ES","og_type":"article","og_title":"CONTACTA CON FORSA A TODOS","og_description":"ESTUDIA EN ESPA\u00d1A CON NOSOTROS Contacto Instagram Facebook-f Youtube +34 6666 53 280 info@forsaatodos.com 21 Rue Ibn Marhal R\u00e9sidence Rennee \u00e9tage 7 Appaartement 15 Tanger\/Maroc. C\/ Justa Goicoechea N\u00ba 1, Escalera A, 1\u00aa planta, L\u2019Hospitalet de Llobregat &#8211; Barcelona \/ ESPA\u00d1A","og_url":"https:\/\/forsaatodos.com\/contacta-con-forsa-a-todos\/","og_site_name":"Forsa a Todos - &iexcl;Visados de Estudios en Espa&ntilde;a!","article_modified_time":"2025-04-11T14:30:29+00:00","twitter_card":"summary_large_image","twitter_misc":{"Tiempo de lectura":"1 minuto"},"schema":{"@context":"https:\/\/schema.org","@graph":[{"@type":"WebPage","@id":"https:\/\/forsaatodos.com\/contacta-con-forsa-a-todos\/","url":"https:\/\/forsaatodos.com\/contacta-con-forsa-a-todos\/","name":"CONTACTA CON FORSA A TODOS - Forsa a Todos - &iexcl;Visados de Estudios en Espa&ntilde;a!","isPartOf":{"@id":"https:\/\/forsaatodos.com\/#website"},"datePublished":"2024-11-02T12:19:58+00:00","dateModified":"2025-04-11T14:30:29+00:00","breadcrumb":{"@id":"https:\/\/forsaatodos.com\/contacta-con-forsa-a-todos\/#breadcrumb"},"inLanguage":"es","potentialAction":[{"@type":"ReadAction","target":["https:\/\/forsaatodos.com\/contacta-con-forsa-a-todos\/"]}]},{"@type":"BreadcrumbList","@id":"https:\/\/forsaatodos.com\/contacta-con-forsa-a-todos\/#breadcrumb","itemListElement":[{"@type":"ListItem","position":1,"name":"Accueil","item":"https:\/\/forsaatodos.com\/"},{"@type":"ListItem","position":2,"name":"CONTACTA CON FORSA A TODOS"}]},{"@type":"WebSite","@id":"https:\/\/forsaatodos.com\/#website","url":"https:\/\/forsaatodos.com\/","name":"Forsa a Todos - &iexcl;Visados de Estudios en Espa&ntilde;a!","description":"Agencia de Formaci\u00f3n en Espa\u00f1a","potentialAction":[{"@type":"SearchAction","target":{"@type":"EntryPoint","urlTemplate":"https:\/\/forsaatodos.com\/?s={search_term_string}"},"query-input":{"@type":"PropertyValueSpecification","valueRequired":true,"valueName":"search_term_string"}}],"inLanguage":"es"}]}},"_links":{"self":[{"href":"https:\/\/forsaatodos.com\/es\/wp-json\/wp\/v2\/pages\/21919","targetHints":{"allow":["GET"]}}],"collection":[{"href":"https:\/\/forsaatodos.com\/es\/wp-json\/wp\/v2\/pages"}],"about":[{"href":"https:\/\/forsaatodos.com\/es\/wp-json\/wp\/v2\/types\/page"}],"author":[{"embeddable":true,"href":"https:\/\/forsaatodos.com\/es\/wp-json\/wp\/v2\/users\/3"}],"replies":[{"embeddable":true,"href":"https:\/\/forsaatodos.com\/es\/wp-json\/wp\/v2\/comments?post=21919"}],"version-history":[{"count":10,"href":"https:\/\/forsaatodos.com\/es\/wp-json\/wp\/v2\/pages\/21919\/revisions"}],"predecessor-version":[{"id":25467,"href":"https:\/\/forsaatodos.com\/es\/wp-json\/wp\/v2\/pages\/21919\/revisions\/25467"}],"wp:attachment":[{"href":"https:\/\/forsaatodos.com\/es\/wp-json\/wp\/v2\/media?parent=21919"}],"curies":[{"name":"wp","href":"https:\/\/api.w.org\/{rel}","templated":true}]}}