{"id":21170,"date":"2024-10-10T13:09:01","date_gmt":"2024-10-10T11:09:01","guid":{"rendered":"https:\/\/forsaatodos.com\/?page_id=21170"},"modified":"2025-02-16T19:00:47","modified_gmt":"2025-02-16T18:00:47","slug":"politica-de-cookies","status":"publish","type":"page","link":"https:\/\/forsaatodos.com\/es\/politica-de-cookies\/","title":{"rendered":"Pol\u00edtica de Cookies"},"content":{"rendered":"\t\t<div data-elementor-type=\"wp-page\" data-elementor-id=\"21170\" class=\"elementor elementor-21170\">\n\t\t\t\t\t\t<section data-ka-cursor-size=\"1\" class=\"elementor-section elementor-top-section elementor-element elementor-element-30b1549 elementor-section-boxed elementor-section-height-default elementor-section-height-default\" data-id=\"30b1549\" data-element_type=\"section\" data-e-type=\"section\" data-settings=\"{&quot;background_background&quot;:&quot;classic&quot;,&quot;kng_cursor_interaction&quot;:&quot;default&quot;,&quot;kng_cursor_magnetic&quot;:&quot;none&quot;,&quot;kng_cursor_size_multiplier&quot;:{&quot;unit&quot;:&quot;px&quot;,&quot;size&quot;:1,&quot;sizes&quot;:[]}}\">\n\t\t\t\t\t\t<div class=\"elementor-container elementor-column-gap-default\">\n\t\t\t\t\t<div data-ka-cursor-size=\"1\" class=\"elementor-column elementor-col-100 elementor-top-column elementor-element elementor-element-978631d\" data-id=\"978631d\" data-element_type=\"column\" data-e-type=\"column\" data-settings=\"{&quot;kng_cursor_interaction&quot;:&quot;default&quot;,&quot;kng_cursor_magnetic&quot;:&quot;none&quot;,&quot;kng_cursor_size_multiplier&quot;:{&quot;unit&quot;:&quot;px&quot;,&quot;size&quot;:1,&quot;sizes&quot;:[]}}\">\n\t\t\t<div class=\"elementor-widget-wrap elementor-element-populated\">\n\t\t\t\t\t\t<div data-ka-cursor-size=\"1\" class=\"elementor-element elementor-element-ecaee29 elementor-widget elementor-widget-text-editor\" data-id=\"ecaee29\" data-element_type=\"widget\" data-e-type=\"widget\" data-settings=\"{&quot;kng_cursor_interaction&quot;:&quot;default&quot;,&quot;kng_cursor_magnetic&quot;:&quot;none&quot;,&quot;kng_cursor_size_multiplier&quot;:{&quot;unit&quot;:&quot;px&quot;,&quot;size&quot;:1,&quot;sizes&quot;:[]}}\" data-widget_type=\"text-editor.default\">\n\t\t\t\t<div class=\"elementor-widget-container\">\n\t\t\t\t\t\t\t\t\t<header class=\"text-center\"><h2 class=\"m-auto\">POL\u00cdTICA DE COOKIES<\/h2><p>Al consultar nuestro sitio web, es posible que tengamos que colocar en su dispositivo, a trav\u00e9s del software de su navegador, las llamadas \u00abcookies\u00bb, en funci\u00f3n de las opciones y elecciones que haya expresado.<\/p><p>Las cookies son peque\u00f1os archivos de texto que se colocan y almacenan en su navegador o dispositivo cuando visita nuestro sitio web. Nos permiten, durante su per\u00edodo de validez o registro, almacenar y recopilar informaci\u00f3n en funci\u00f3n del tipo de cookies utilizadas, en particular, para identificar su dispositivo en sus pr\u00f3ximas visitas. Tambi\u00e9n es posible que se requiera que los socios o empresas de terceros coloquen cookies en su computadora.<\/p><p>Tenga en cuenta que algunas cookies son esenciales para una navegaci\u00f3n fluida en nuestro sitio, su eliminaci\u00f3n puede causar dificultades al usarlo. Solo el emisor de una cookie es susceptible de leer o modificar la informaci\u00f3n contenida en esta cookie.<\/p><p>La normativa europea conocida como \u00abe-privacy\u00bb regula el uso de cookies y otros rastreadores durante la navegaci\u00f3n de los usuarios de un sitio web.<\/p><p>De conformidad con las leyes y reglamentaciones presentes y futuras, solo podemos almacenar cookies en su dispositivo si son estrictamente necesarias para el funcionamiento de este sitio. Para el resto de tipos de cookies, necesitamos obtener su consentimiento.<\/p><p>Actualmente ha dado su consentimiento para el uso de la siguiente cookie:<\/p><p>MODIFICAR SU CONSENTIMIENTO<\/p><p>Establecer cookies<\/p><p>RETIRAR SU CONSENTIMIENTO<\/p><p>Rechazar todas<\/p><p>Rechazar todas<\/p><p>Este sitio web puede utilizar las siguientes cookies:<\/p><p>Cookies t\u00e9cnicas<\/p><p>Estas cookies permiten la navegaci\u00f3n a trav\u00e9s de una p\u00e1gina web, plataforma o aplicaci\u00f3n y la utilizaci\u00f3n de las diferentes opciones o servicios que en ella existan. Estas cookies hacen posible as\u00ed una navegaci\u00f3n fluida y personalizada. Por ejemplo: controlar el tr\u00e1fico y la comunicaci\u00f3n de datos, identificar la sesi\u00f3n, acceder a partes de acceso restringido, realizar la solicitud de inscripci\u00f3n o participaci\u00f3n en un evento, utilizar elementos de seguridad durante la navegaci\u00f3n, almacenar contenidos para la difusi\u00f3n de v\u00eddeos o sonido o compartir contenidos a trav\u00e9s de redes sociales. Dentro de estas cookies podemos encontrar, entre otras, cookies de entrada de usuario, de autenticaci\u00f3n, de seguridad del usuario.<\/p><p>Sin cookies t\u00e9cnicas no se puede utilizar el sitio con normalidad y por ello se desaconseja impedir su uso o eliminarlas<\/p><p>Cookies de personalizaci\u00f3n<\/p><p>Estas cookies permiten acceder al servicio con algunas caracter\u00edsticas de car\u00e1cter general predefinidas en funci\u00f3n de una serie de criterios en el terminal del usuario como por ejemplo serian el idioma, el tipo de navegador a trav\u00e9s del cual accede al servicio, la configuraci\u00f3n regional desde donde accede al servicio, etc.<\/p><p>Cookies anal\u00edticas\/de rendimiento<\/p><p>Las cookies de an\u00e1lisis permiten el seguimiento y an\u00e1lisis de tu comportamiento de navegaci\u00f3n en nuestra p\u00e1gina web, con el fin de poder elaborar perfiles de navegaci\u00f3n de los usuarios para mejorar nuestros servicios en funci\u00f3n del an\u00e1lisis de tus datos de uso. De esta forma, podemos conocer la siguiente informaci\u00f3n:<\/p><p>\u2013 Fecha y hora de tu \u00faltima visita a nuestra web.<\/p><p>\u2013 Acceso a los contenidos que elegiste en tu \u00faltima visita a nuestra web.<\/p><p>A partir de la informaci\u00f3n anterior se pueden realizar estad\u00edsticas de uso de nuestra web. De esta forma podemos centrar nuestros esfuerzos en mejorar las \u00e1reas m\u00e1s visitadas y hacer que encuentres m\u00e1s f\u00e1cilmente lo que buscas.<\/p><p>El sitio web puede utilizar la informaci\u00f3n recopilada por estas cookies durante su visita para realizar evaluaciones y c\u00e1lculos estad\u00edsticos sobre datos an\u00f3nimos, as\u00ed como para garantizar la continuidad del servicio o para realizar mejoras del sitio web. Esta informaci\u00f3n no se utilizar\u00e1 para ning\u00fan otro fin. El hecho de rechazar la implementaci\u00f3n de dichas cookies o de eliminarlas no tiene ning\u00fan impacto en su navegaci\u00f3n en el sitio, pero es probable que impida que FORSA A TODOS garantice la mejor calidad de los servicios que FORSA A TODOS desea ofrecerle.<\/p><p>Cookies publicitarias<\/p><p>Las cookies publicitarias se utilizan para recopilar informaci\u00f3n con el fin de proporcionarle informaci\u00f3n publicitaria y promocional. De este modo, permiten gestionar, de la forma m\u00e1s eficaz posible, los espacios publicitarios incluidos en nuestro sitio web, en funci\u00f3n de criterios como el contenido editado o la frecuencia con la que se muestran los anuncios. Tambi\u00e9n pueden mostrarse en otros sitios en los que pueda navegar.<\/p><p>El rechazo o la eliminaci\u00f3n de estas cookies publicitarias no tiene ning\u00fan impacto en el uso del sitio y de nuestros servicios en l\u00ednea.<\/p><p>Cookies de publicidad comportamental<\/p><p>Las cookies de publicidad comportamental (tambi\u00e9n llamadas \u201cde seguimiento\u201d) permiten la gesti\u00f3n eficaz de los espacios publicitarios incluidos en este sitio web. Estas cookies almacenan informaci\u00f3n sobre tu comportamiento, obtenida a trav\u00e9s de la observaci\u00f3n continuada de tus h\u00e1bitos de navegaci\u00f3n, lo que nos permite desarrollar un perfil espec\u00edfico para mostrarte publicidad en funci\u00f3n del mismo.<\/p><p>Dentro de esta tipolog\u00eda, se incluyen las cookies utilizadas con fines de limitaci\u00f3n de la presi\u00f3n comercial, inicio de sesi\u00f3n para el pago, afiliaci\u00f3n publicitaria, clics en detecci\u00f3n de fraudes, investigaci\u00f3n y an\u00e1lisis de mercado, mejora y depuraci\u00f3n de productos, entre otros.<\/p><p>El rechazo o la eliminaci\u00f3n de estas cookies publicitarias no tiene ning\u00fan impacto en el uso del sitio y nuestros servicios en l\u00ednea.<\/p><p>Cookies complementarias de redes sociales para seguimiento<\/p><p>Estas cookies permiten compartir el contenido de ciertas p\u00e1ginas del sitio en las redes sociales, en particular Facebook, Twitter, LinkdIn, Youtube, Instagram.<\/p><p>El sitio contiene enlaces para compartir con estas redes sociales. Cuando utiliza estos botones para compartir, se instala una cookie de terceros de la red social en cuesti\u00f3n. Por lo tanto, la red social puede identificarlo y recopilar informaci\u00f3n mediante el uso de sus propias cookies o sus botones de \u201cme gusta\u201d o \u201ccompartir\u201d. Cada red tiene sus propios m\u00e9todos de recopilaci\u00f3n de datos y sus propias cookies, lo invitamos a consultar su pol\u00edtica de cookies o su carta de privacidad en sus sitios.<\/p><p>La red social que proporciona un bot\u00f3n de aplicaci\u00f3n de este tipo puede identificarle mediante este bot\u00f3n, incluso si no lo ha utilizado durante su consulta del sitio. En efecto, este tipo de bot\u00f3n de aplicaci\u00f3n puede permitir a la red social en cuesti\u00f3n seguir su navegaci\u00f3n en nuestro sitio, simplemente porque su cuenta en la red social en cuesti\u00f3n se activ\u00f3 en su terminal (sesi\u00f3n abierta) durante su navegaci\u00f3n en el sitio.<\/p><p>Si ha rechazado la implementaci\u00f3n de estas cookies, deber\u00e1 autenticarse durante cada operaci\u00f3n de compartir en la(s) red(es) en cuesti\u00f3n.<\/p><p>Origen de las cookies utilizadas en este sitio web<\/p><p>Las cookies utilizadas en el sitio pueden ser \u201cpropietarias\u201d, es decir, que FORSA A TODOS es el iniciador de su dep\u00f3sito cuando accede al sitio. Se denominan cookies de \u201cterceros\u201d cuando son colocadas por empresas de terceros de FORSA A TODOS.<\/p><p>La siguiente tabla muestra los tipos de cookies utilizadas.<\/p><p>Cookies propias o\/<\/p><p>Cookies de terceros<\/p><p>Entidad que administra las cookies Pero<br \/>Propiedades:<\/p><p>_ga<\/p><p>_gat<\/p><p>_gid<\/p><p>_fbp<\/p><p>PHPSESSID<\/p><p>DE TODOS<br \/>Cookies t\u00e9cnicas<\/p><p>Permiten al usuario navegar correctamente y utilizar las diferentes opciones o servicios que existen en el sitio web. Permiten, entre otras cosas, controlar el tr\u00e1fico y la comunicaci\u00f3n de datos, identificar la sesi\u00f3n, acceder a partes de acceso restringido, recordar los elementos que integran un pedido, realizar el proceso de compra de un pedido, realizar la solicitud de inscripci\u00f3n o participaci\u00f3n en un evento, utilizar elementos de seguridad DE TODOS durante la navegaci\u00f3n, almacenar contenidos para la difusi\u00f3n de v\u00eddeos o sonido o compartir contenidos a trav\u00e9s de redes sociales.<\/p><p>De terceros<\/p><p>Google Analytics<\/p><p>Cookies anal\u00edticas<\/p><p>Utilizamos cookies de terceros que nos permiten monitorizar y analizar el comportamiento de tu navegaci\u00f3n en nuestro sitio web, con el fin de poder elaborar perfiles de navegaci\u00f3n de los usuarios para mejorar nuestros servicios en funci\u00f3n del an\u00e1lisis de tus datos de uso<\/p><p>De terceros<\/p><p>CONSENT<\/p><p>DSID<\/p><p>GMAIL_LOGIN<\/p><p>HSID<\/p><p>APISID<\/p><p>1P_JAR<\/p><p>Google DoubleClick. Cookie \u201cIDE\u201d<\/p><p>Google ADS<\/p><p>Para m\u00e1s informaci\u00f3n, consulta los siguientes enlaces:<\/p><p>https:\/\/developers.google.com\/analytics\/devguides\/collection\/analyticsjs\/cookie-usage<\/p><p>https:\/\/policies.google.com\/privacy<\/p><p>Cookies de publicidad comportamental<\/p><p>Las cookies de publicidad comportamental (tambi\u00e9n llamadas de seguimiento) permiten gestionar de forma eficiente los espacios Estas cookies almacenan informaci\u00f3n sobre tu comportamiento obtenida a trav\u00e9s de la observaci\u00f3n continuada de tus h\u00e1bitos de navegaci\u00f3n, lo que nos permite desarrollar un perfil espec\u00edfico para presentarte publicidad adaptada a dicho perfil.<\/p><p>De terceros<\/p><p>Facebook<br \/>Cookies de complementos de redes sociales<\/p><p>Esta web incorpora \u201ccomplementos de contenido social\u201d para que, si eres usuario de esta red social, puedas intercambiar el contenido que desees con tus \u201camigos\u201d, pero que tambi\u00e9n pueden almacenar informaci\u00f3n sobre tu comportamiento, obtenida a trav\u00e9s de la observaci\u00f3n continuada de tus h\u00e1bitos de navegaci\u00f3n: https:\/\/es-es.facebook.com\/help\/cookies\/<\/p><p>Duraci\u00f3n de las cookies<\/p><p>Las cookies depositadas por FORSA A TODOS se conservan durante un periodo m\u00e1ximo de trece meses a partir de su dep\u00f3sito en su terminal. Despu\u00e9s de este periodo, o si ha eliminado manualmente sus cookies, se le solicitar\u00e1 de nuevo su consentimiento para colocar y\/o leer cookies.<\/p><p>Gesti\u00f3n de las cookies<\/p><p>Su equipo inform\u00e1tico almacena cookies cuando navega por Internet. Los ajustes le permiten aceptar u oponerse al dep\u00f3sito de cookies configurando el software de su navegador. Si acepta el almacenamiento de cookies en su equipo inform\u00e1tico, las cookies del sitio al que ha accedido se guardan autom\u00e1ticamente en su equipo. Puede configurar su navegador para rechazar sistem\u00e1ticamente el almacenamiento de cookies en su equipo.<\/p><p>Tambi\u00e9n puede aceptar o rechazar parcialmente el dep\u00f3sito de estas cookies. En este caso, se le solicita que acepte o rechace el dep\u00f3sito de algunas de estas cookies antes de que se guarden, configurando sus preferencias en la barra de navegaci\u00f3n<\/p><p>Configurar cookies<\/p><p>Tambi\u00e9n puede cambiar sus preferencias para el uso de cookies en cualquier momento haciendo clic en<\/p><p>Configurar cookies<\/p><p>o<\/p><p>Rechazar todas<\/p><p>FORSA A TODOS le informa que es posible en el caso de que rechace la inserci\u00f3n de cookies t\u00e9cnicas o de rendimiento que el acceso a algunos de los servicios ofrecidos por el sitio pueda ser bloqueado o que no tenga acceso a ciertas funciones.<\/p><p>FORSA A TODOS declina cualquier responsabilidad por estas restricciones de acceso y el funcionamiento degradado de los servicios del sitio cuando resulten de la configuraci\u00f3n de su navegador.<\/p><p>Configuraci\u00f3n del navegador<\/p><p>Consulte las instrucciones y manuales de su navegador para ampliar esta informaci\u00f3n:<\/p><p>\u2013 Si utiliza Microsoft Internet Explorer, en la opci\u00f3n de men\u00fa Herramientas, seleccione Opciones de Internet. Cuando acceda a Privacidad y luego a Configuraci\u00f3n, mueva el control deslizante completamente hacia arriba para bloquear todas las cookies y luego presione o haga clic en Aceptar.<\/p><p>Para m\u00e1s informaci\u00f3n, puedes consultar el soporte de Microsoft o la Ayuda del navegador.<\/p><p>https:\/\/support.microsoft.com\/fr-fr\/help\/17442\/windows-internet-explorer-delete-manage-cookies<\/p><p>\u2013 Si utilizas Firefox para Mac, en la opci\u00f3n de men\u00fa Preferencias, selecciona Privacidad, ve al apartado Mostrar Cookies. Para Windows, en la opci\u00f3n de men\u00fa Herramientas, seleccionando Opciones, accedes a Privacidad y luego a \u201cUsar una configuraci\u00f3n personalizada para el historial\u201d. Marca la opci\u00f3n Aceptar cookies para activarlas, y desm\u00e1rcala para desactivarlas.<\/p><p>Para m\u00e1s informaci\u00f3n, puedes consultar el soporte de Mozilla o la Ayuda del navegador.<\/p><p>http:\/\/support.mozilla.org\/fr\/kb\/cookies-informations-sites-enregistrent?redirectlocale=fr&redirectslug=G%C3%A9rer+les+cookies<\/p><p>\u2013 Si utilizas Safari, iOS 8, haz clic en Configuraci\u00f3n, selecciona Safari y luego \u201cBloquear cookies\u201d. Selecciona \u201cPermitir siempre\u201d, \u201cPermitir los sitios que visito\u201d, \u201cPermitir solo los sitios web actuales\u201d o \u201cBloquear siempre\u201d. En iOS 7 o anteriores, selecciona \u201cNunca\u201d, \u201cPublicidad y terceros\u201d, o \u201cSiempre\u201d.<\/p><p>Para m\u00e1s informaci\u00f3n, puedes consultar el soporte de Safari o la Ayuda del navegador.<\/p><p>https:\/\/support.apple.com\/kb\/PH21411?viewlocale=fr_FR&locale=fr_FR<\/p><p>\u2013 Si utilizas Google Chrome, en la opci\u00f3n de men\u00fa Herramientas, seleccionando Configuraci\u00f3n (Preferencias en Mac), accedes a Opciones avanzadas y en el apartado Privacidad, finalmente marcas Cookies en el di\u00e1logo de Configuraci\u00f3n de contenido. Para bloquear todas las cookies, selecciona \u201cNo permitir copia de seguridad de datos de sitios\u201d.<\/p><p>Para m\u00e1s informaci\u00f3n, puedes consultar el soporte de Google o la Ayuda del navegador.<\/p><p>https:\/\/support.google.com\/chrome\/answer\/95647?hl=fr&hlrm=es<\/p><p>Para cualquier pregunta o solicitud de informaci\u00f3n sobre el uso de estas cookies, puede ponerse en contacto con nosotros:<\/p><p>por correo postal a la siguiente direcci\u00f3n:<\/p><p>21 Rue Ibn Marhal Resid Rennee Etage 07 Apprt 15 Tanger-Marruecos<\/p><p>o por correo electr\u00f3nico a la siguiente direcci\u00f3n:<\/p><p>info@forsaatodos.com<\/p><\/header>\t\t\t\t\t\t\t\t<\/div>\n\t\t\t\t<\/div>\n\t\t\t\t\t<\/div>\n\t\t<\/div>\n\t\t\t\t\t<\/div>\n\t\t<\/section>\n\t\t\t\t<\/div>\n\t\t","protected":false},"excerpt":{"rendered":"<p>POL\u00cdTICA DE COOKIES Al consultar nuestro sitio web, es posible que tengamos que colocar en su dispositivo, a trav\u00e9s del software de su navegador, las llamadas \u00abcookies\u00bb, en funci\u00f3n de las opciones y elecciones que haya expresado. Las cookies son peque\u00f1os archivos de texto que se colocan y almacenan en su navegador o dispositivo cuando [&hellip;]<\/p>\n","protected":false},"author":3,"featured_media":0,"parent":0,"menu_order":0,"comment_status":"closed","ping_status":"closed","template":"","meta":{"footnotes":""},"class_list":["post-21170","page","type-page","status-publish","hentry"],"yoast_head":"<!-- This site is optimized with the Yoast SEO Premium plugin v22.6 (Yoast SEO v27.6) - https:\/\/yoast.com\/product\/yoast-seo-premium-wordpress\/ -->\n<title>Pol\u00edtica de Cookies - Forsa a Todos - &iexcl;Visados de Estudios en Espa&ntilde;a!<\/title>\n<meta name=\"robots\" content=\"index, follow, max-snippet:-1, max-image-preview:large, max-video-preview:-1\" \/>\n<link rel=\"canonical\" href=\"https:\/\/forsaatodos.com\/politica-de-cookies\/\" \/>\n<meta property=\"og:locale\" content=\"es_ES\" \/>\n<meta property=\"og:type\" content=\"article\" \/>\n<meta property=\"og:title\" content=\"Pol\u00edtica de Cookies\" \/>\n<meta property=\"og:description\" content=\"POL\u00cdTICA DE COOKIES Al consultar nuestro sitio web, es posible que tengamos que colocar en su dispositivo, a trav\u00e9s del software de su navegador, las llamadas \u00abcookies\u00bb, en funci\u00f3n de las opciones y elecciones que haya expresado. Las cookies son peque\u00f1os archivos de texto que se colocan y almacenan en su navegador o dispositivo cuando [&hellip;]\" \/>\n<meta property=\"og:url\" content=\"https:\/\/forsaatodos.com\/politica-de-cookies\/\" \/>\n<meta property=\"og:site_name\" content=\"Forsa a Todos - &iexcl;Visados de Estudios en Espa&ntilde;a!\" \/>\n<meta property=\"article:modified_time\" content=\"2025-02-16T18:00:47+00:00\" \/>\n<meta name=\"twitter:card\" content=\"summary_large_image\" \/>\n<meta name=\"twitter:label1\" content=\"Tiempo de lectura\" \/>\n\t<meta name=\"twitter:data1\" content=\"10 minutos\" \/>\n<script type=\"application\/ld+json\" class=\"yoast-schema-graph\">{\"@context\":\"https:\\\/\\\/schema.org\",\"@graph\":[{\"@type\":\"WebPage\",\"@id\":\"https:\\\/\\\/forsaatodos.com\\\/politica-de-cookies\\\/\",\"url\":\"https:\\\/\\\/forsaatodos.com\\\/politica-de-cookies\\\/\",\"name\":\"Pol\u00edtica de Cookies - Forsa a Todos - &iexcl;Visados de Estudios en Espa&ntilde;a!\",\"isPartOf\":{\"@id\":\"https:\\\/\\\/forsaatodos.com\\\/#website\"},\"datePublished\":\"2024-10-10T11:09:01+00:00\",\"dateModified\":\"2025-02-16T18:00:47+00:00\",\"breadcrumb\":{\"@id\":\"https:\\\/\\\/forsaatodos.com\\\/politica-de-cookies\\\/#breadcrumb\"},\"inLanguage\":\"es\",\"potentialAction\":[{\"@type\":\"ReadAction\",\"target\":[\"https:\\\/\\\/forsaatodos.com\\\/politica-de-cookies\\\/\"]}]},{\"@type\":\"BreadcrumbList\",\"@id\":\"https:\\\/\\\/forsaatodos.com\\\/politica-de-cookies\\\/#breadcrumb\",\"itemListElement\":[{\"@type\":\"ListItem\",\"position\":1,\"name\":\"Accueil\",\"item\":\"https:\\\/\\\/forsaatodos.com\\\/\"},{\"@type\":\"ListItem\",\"position\":2,\"name\":\"Pol\u00edtica de Cookies\"}]},{\"@type\":\"WebSite\",\"@id\":\"https:\\\/\\\/forsaatodos.com\\\/#website\",\"url\":\"https:\\\/\\\/forsaatodos.com\\\/\",\"name\":\"Forsa a Todos - &iexcl;Visados de Estudios en Espa&ntilde;a!\",\"description\":\"Agencia de Formaci\u00f3n en Espa\u00f1a\",\"potentialAction\":[{\"@type\":\"SearchAction\",\"target\":{\"@type\":\"EntryPoint\",\"urlTemplate\":\"https:\\\/\\\/forsaatodos.com\\\/?s={search_term_string}\"},\"query-input\":{\"@type\":\"PropertyValueSpecification\",\"valueRequired\":true,\"valueName\":\"search_term_string\"}}],\"inLanguage\":\"es\"}]}<\/script>\n<!-- \/ Yoast SEO Premium plugin. -->","yoast_head_json":{"title":"Pol\u00edtica de Cookies - Forsa a Todos - &iexcl;Visados de Estudios en Espa&ntilde;a!","robots":{"index":"index","follow":"follow","max-snippet":"max-snippet:-1","max-image-preview":"max-image-preview:large","max-video-preview":"max-video-preview:-1"},"canonical":"https:\/\/forsaatodos.com\/politica-de-cookies\/","og_locale":"es_ES","og_type":"article","og_title":"Pol\u00edtica de Cookies","og_description":"POL\u00cdTICA DE COOKIES Al consultar nuestro sitio web, es posible que tengamos que colocar en su dispositivo, a trav\u00e9s del software de su navegador, las llamadas \u00abcookies\u00bb, en funci\u00f3n de las opciones y elecciones que haya expresado. Las cookies son peque\u00f1os archivos de texto que se colocan y almacenan en su navegador o dispositivo cuando [&hellip;]","og_url":"https:\/\/forsaatodos.com\/politica-de-cookies\/","og_site_name":"Forsa a Todos - &iexcl;Visados de Estudios en Espa&ntilde;a!","article_modified_time":"2025-02-16T18:00:47+00:00","twitter_card":"summary_large_image","twitter_misc":{"Tiempo de lectura":"10 minutos"},"schema":{"@context":"https:\/\/schema.org","@graph":[{"@type":"WebPage","@id":"https:\/\/forsaatodos.com\/politica-de-cookies\/","url":"https:\/\/forsaatodos.com\/politica-de-cookies\/","name":"Pol\u00edtica de Cookies - Forsa a Todos - &iexcl;Visados de Estudios en Espa&ntilde;a!","isPartOf":{"@id":"https:\/\/forsaatodos.com\/#website"},"datePublished":"2024-10-10T11:09:01+00:00","dateModified":"2025-02-16T18:00:47+00:00","breadcrumb":{"@id":"https:\/\/forsaatodos.com\/politica-de-cookies\/#breadcrumb"},"inLanguage":"es","potentialAction":[{"@type":"ReadAction","target":["https:\/\/forsaatodos.com\/politica-de-cookies\/"]}]},{"@type":"BreadcrumbList","@id":"https:\/\/forsaatodos.com\/politica-de-cookies\/#breadcrumb","itemListElement":[{"@type":"ListItem","position":1,"name":"Accueil","item":"https:\/\/forsaatodos.com\/"},{"@type":"ListItem","position":2,"name":"Pol\u00edtica de Cookies"}]},{"@type":"WebSite","@id":"https:\/\/forsaatodos.com\/#website","url":"https:\/\/forsaatodos.com\/","name":"Forsa a Todos - &iexcl;Visados de Estudios en Espa&ntilde;a!","description":"Agencia de Formaci\u00f3n en Espa\u00f1a","potentialAction":[{"@type":"SearchAction","target":{"@type":"EntryPoint","urlTemplate":"https:\/\/forsaatodos.com\/?s={search_term_string}"},"query-input":{"@type":"PropertyValueSpecification","valueRequired":true,"valueName":"search_term_string"}}],"inLanguage":"es"}]}},"_links":{"self":[{"href":"https:\/\/forsaatodos.com\/es\/wp-json\/wp\/v2\/pages\/21170","targetHints":{"allow":["GET"]}}],"collection":[{"href":"https:\/\/forsaatodos.com\/es\/wp-json\/wp\/v2\/pages"}],"about":[{"href":"https:\/\/forsaatodos.com\/es\/wp-json\/wp\/v2\/types\/page"}],"author":[{"embeddable":true,"href":"https:\/\/forsaatodos.com\/es\/wp-json\/wp\/v2\/users\/3"}],"replies":[{"embeddable":true,"href":"https:\/\/forsaatodos.com\/es\/wp-json\/wp\/v2\/comments?post=21170"}],"version-history":[{"count":4,"href":"https:\/\/forsaatodos.com\/es\/wp-json\/wp\/v2\/pages\/21170\/revisions"}],"predecessor-version":[{"id":25230,"href":"https:\/\/forsaatodos.com\/es\/wp-json\/wp\/v2\/pages\/21170\/revisions\/25230"}],"wp:attachment":[{"href":"https:\/\/forsaatodos.com\/es\/wp-json\/wp\/v2\/media?parent=21170"}],"curies":[{"name":"wp","href":"https:\/\/api.w.org\/{rel}","templated":true}]}}